{"id":24084,"date":"2023-12-22T14:59:49","date_gmt":"2023-12-22T12:59:49","guid":{"rendered":"https:\/\/kuechen-baeder.fust.ch\/?page_id=24084"},"modified":"2025-12-23T14:17:04","modified_gmt":"2025-12-23T12:17:04","slug":"bons","status":"publish","type":"page","link":"https:\/\/kuechen-baeder.fust.ch\/fr\/salles-de-bains\/bons\/","title":{"rendered":"Coupons &#8211; Bains"},"content":{"rendered":"<div class=\"wpb-content-wrapper\"><p>[vc_row full_width=\u00a0\u00bbstretch_row_content\u00a0\u00bb equal_height=\u00a0\u00bbyes\u00a0\u00bb bg_type=\u00a0\u00bbimage\u00a0\u00bb parallax_style=\u00a0\u00bbvcpb-default\u00a0\u00bb bg_image_new=\u00a0\u00bbid^3879|url^https:\/\/kuechen-baeder.fust.ch\/wp-content\/uploads\/2019\/04\/Klassische-K\u00fcche-SOLID-C-VALAIS.jpg|caption^null|alt^null|title^Klassische-K\u00fcche-SOLID-C-VALAIS|description^null\u00a0\u00bb bg_image_repeat=\u00a0\u00bbno-repeat\u00a0\u00bb css=\u00a0\u00bb.vc_custom_1716807498877{background-position: center !important;background-repeat: no-repeat !important;background-size: cover !important;}\u00a0\u00bb el_class=\u00a0\u00bbback_m form_area\u00a0\u00bb][vc_column css=\u00a0\u00bb.vc_custom_1698846820852{background-color: #f8f8f8 !important;}\u00a0\u00bb][vc_single_image image=\u00a0\u00bb38049&Prime; img_size=\u00a0\u00bb1140&#215;500&Prime; alignment=\u00a0\u00bbcenter\u00a0\u00bb css=\u00a0\u00bb\u00a0\u00bb][vc_row_inner][vc_column_inner width=\u00a0\u00bb1\/6&Prime;][\/vc_column_inner][vc_column_inner el_class=\u00a0\u00bbcf_gt\u00a0\u00bb width=\u00a0\u00bb2\/3&Prime;][vc_custom_heading text=\u00a0\u00bbT\u00e9l\u00e9chargez votre bon maintenant !**\u00a0\u00bb font_container=\u00a0\u00bbtag:h3|text_align:center\u00a0\u00bb use_theme_fonts=\u00a0\u00bbyes\u00a0\u00bb css=\u00a0\u00bb.vc_custom_1755768509866{margin-bottom: 30px !important;}\u00a0\u00bb]\n<div class=\"wpcf7 no-js\" id=\"wpcf7-f25370-o1\" lang=\"fr-FR\" dir=\"ltr\" data-wpcf7-id=\"25370\">\n<div class=\"screen-reader-response\"><p role=\"status\" aria-live=\"polite\" aria-atomic=\"true\"><\/p> <ul><\/ul><\/div>\n<form action=\"\/fr\/wp-json\/wp\/v2\/pages\/24084#wpcf7-f25370-o1\" method=\"post\" class=\"wpcf7-form init\" aria-label=\"Formulaire de contact\" novalidate=\"novalidate\" data-status=\"init\">\n<fieldset class=\"hidden-fields-container\"><input type=\"hidden\" name=\"_wpcf7\" value=\"25370\" \/><input type=\"hidden\" name=\"_wpcf7_version\" value=\"6.1.5\" \/><input type=\"hidden\" name=\"_wpcf7_locale\" value=\"fr_FR\" \/><input type=\"hidden\" name=\"_wpcf7_unit_tag\" value=\"wpcf7-f25370-o1\" \/><input type=\"hidden\" name=\"_wpcf7_container_post\" value=\"0\" \/><input type=\"hidden\" name=\"_wpcf7_posted_data_hash\" value=\"\" \/><input type=\"hidden\" name=\"_wpcf7cf_hidden_group_fields\" value=\"[]\" \/><input type=\"hidden\" name=\"_wpcf7cf_hidden_groups\" value=\"[]\" \/><input type=\"hidden\" name=\"_wpcf7cf_visible_groups\" value=\"[]\" \/><input type=\"hidden\" name=\"_wpcf7cf_repeaters\" value=\"[]\" \/><input type=\"hidden\" name=\"_wpcf7cf_steps\" value=\"{}\" \/><input type=\"hidden\" name=\"_wpcf7cf_options\" value=\"{&quot;form_id&quot;:25370,&quot;conditions&quot;:[],&quot;settings&quot;:{&quot;animation&quot;:&quot;yes&quot;,&quot;animation_intime&quot;:200,&quot;animation_outtime&quot;:200,&quot;conditions_ui&quot;:&quot;normal&quot;,&quot;notice_dismissed&quot;:false}}\" \/><input type=\"hidden\" name=\"_wpcf7_recaptcha_response\" value=\"\" \/>\n<\/fieldset>\n<div class=\"line\" >\n\t<div class=\"square1\">\n\t\t<p><label for=\"\">Pr\u00e9nom<\/label>\n\t\t<\/p>\n\t<\/div>\n\t<div class=\"square2\">\n\t\t<p><span class=\"wpcf7-form-control-wrap\" data-name=\"vorname\"><input size=\"40\" maxlength=\"400\" class=\"wpcf7-form-control wpcf7-text wpcf7-validates-as-required form-control\" aria-required=\"true\" aria-invalid=\"false\" value=\"\" type=\"text\" name=\"vorname\" \/><\/span>\n\t\t<\/p>\n\t<\/div>\n<\/div>\n<div class=\"line\">\n\t<div class=\"square1\">\n\t\t<p><label for=\"\">Nom<\/label>\n\t\t<\/p>\n\t<\/div>\n\t<div class=\"square2\">\n\t\t<p><span class=\"wpcf7-form-control-wrap\" data-name=\"nachname\"><input size=\"40\" maxlength=\"400\" class=\"wpcf7-form-control wpcf7-text wpcf7-validates-as-required required form-control\" aria-required=\"true\" aria-invalid=\"false\" value=\"\" type=\"text\" name=\"nachname\" \/><\/span>\n\t\t<\/p>\n\t<\/div>\n<\/div>\n<div class=\"line\">\n\t<div class=\"square1\">\n\t\t<p><label for=\"\">NPA\/lieu<\/label>\n\t\t<\/p>\n\t<\/div>\n\t<div class=\"square2\">\n\t\t<div class=\"square3\">\n\t\t\t<p><span class=\"wpcf7-form-control-wrap\" data-name=\"plz\"><input size=\"40\" maxlength=\"4\" class=\"wpcf7-form-control wpcf7-text wpcf7-validates-as-required required form-control\" aria-required=\"true\" aria-invalid=\"false\" value=\"\" type=\"text\" name=\"plz\" \/><\/span>\n\t\t\t<\/p>\n\t\t<\/div>\n\t\t<div class=\"square2\">\n\t\t\t<p><span class=\"wpcf7-form-control-wrap\" data-name=\"ort\"><input size=\"40\" maxlength=\"400\" class=\"wpcf7-form-control wpcf7-text wpcf7-validates-as-required required form-control\" aria-required=\"true\" aria-invalid=\"false\" value=\"\" type=\"text\" name=\"ort\" \/><\/span>\n\t\t\t<\/p>\n\t\t<\/div>\n\t<\/div>\n<\/div>\n<div class=\"line\">\n\t<div class=\"square1\">\n\t\t<p><label for=\"\">T\u00e9l\u00e9phone<\/label>\n\t\t<\/p>\n\t<\/div>\n\t<div class=\"square2\">\n\t\t<p><span class=\"wpcf7-form-control-wrap\" data-name=\"telefon\"><input size=\"40\" maxlength=\"400\" class=\"wpcf7-form-control wpcf7-tel wpcf7-validates-as-required wpcf7-text wpcf7-validates-as-tel required form-control\" aria-required=\"true\" aria-invalid=\"false\" value=\"\" type=\"tel\" name=\"telefon\" \/><\/span>\n\t\t<\/p>\n\t<\/div>\n<\/div>\n<div class=\"line\">\n\t<div class=\"square1\">\n\t\t<p><label for=\"\">E-mail<\/label>\n\t\t<\/p>\n\t<\/div>\n\t<div class=\"square2\">\n\t\t<p><span class=\"wpcf7-form-control-wrap\" data-name=\"email\"><input size=\"40\" maxlength=\"400\" class=\"wpcf7-form-control wpcf7-email wpcf7-validates-as-required wpcf7-text wpcf7-validates-as-email required form-control\" aria-required=\"true\" aria-invalid=\"false\" value=\"\" type=\"email\" name=\"email\" \/><\/span>\n\t\t<\/p>\n\t<\/div>\n<\/div>\n<div class=\"line\">\n\t<div class=\"square1\">\n\t\t<p><label for=\"\"><\/label>\n\t\t<\/p>\n\t<\/div>\n\t<div class=\"square2\" style=\"height:auto;\">\n\t\t<p><span class=\"wpcf7-form-control-wrap\" data-name=\"math-quiz\"><label><span class=\"wpcf7-quiz-label\">10+2=?<\/span> <input size=\"40\" class=\"wpcf7-form-control wpcf7-quiz\" autocomplete=\"off\" aria-required=\"true\" aria-invalid=\"false\" type=\"text\" name=\"math-quiz\" \/><\/label><input type=\"hidden\" name=\"_wpcf7_quiz_answer_math-quiz\" value=\"fe18a6b9f4fe29ee6cc889d3a5a98dd2\" \/><\/span>\n\t\t<\/p>\n\t<\/div>\n<\/div>\n<div class=\"line datenschutz\">\n\t<div class=\"square1\">\n\t<input class=\"wpcf7-form-control wpcf7-hidden\" value=\"\/download\/38083\/?tmstv=1766492645\" type=\"hidden\" name=\"download_link\" \/>\n\t<\/div>\n\t<div class=\"square2 full_w_btn\">\n\t\t<p><input class=\"wpcf7-form-control wpcf7-submit has-spinner modal-submit-button\" type=\"submit\" value=\"TELECHARGER LE BON\" \/>\n\t\t<\/p>\n\t<\/div>\n<\/div>\n<div class=\"line\">\n\t<div class='formnote'>\n\t\t<p><a href=\"https:\/\/www.coop.ch\/fr\/entreprise\/protection-des-donnees\/fust.html\" target=\"_blank\">Protection des donn\u00e9es<\/a>\n\t\t<\/p>\n\t<\/div>\n<\/div><input type='hidden' class='wpcf7-pum' value='{\"closepopup\":false,\"closedelay\":0,\"openpopup\":false,\"openpopup_id\":0}' \/><div class=\"wpcf7-response-output\" aria-hidden=\"true\"><\/div>\n<\/form>\n<\/div>\n[\/vc_column_inner][vc_column_inner width=\u00a0\u00bb1\/6&Prime;][\/vc_column_inner][\/vc_row_inner][\/vc_column][\/vc_row][vc_row full_width=\u00a0\u00bbstretch_row_content\u00a0\u00bb equal_height=\u00a0\u00bbyes\u00a0\u00bb bg_type=\u00a0\u00bbimage\u00a0\u00bb parallax_style=\u00a0\u00bbvcpb-default\u00a0\u00bb bg_image_new=\u00a0\u00bbid^3879|url^https:\/\/kuechen-baeder.fust.ch\/wp-content\/uploads\/2019\/04\/Klassische-K\u00fcche-SOLID-C-VALAIS.jpg|caption^null|alt^null|title^Klassische-K\u00fcche-SOLID-C-VALAIS|description^null\u00a0\u00bb bg_image_repeat=\u00a0\u00bbno-repeat\u00a0\u00bb css=\u00a0\u00bb.vc_custom_1716807498877{background-position: center !important;background-repeat: no-repeat !important;background-size: cover !important;}\u00a0\u00bb el_class=\u00a0\u00bbback_m form_area\u00a0\u00bb][vc_column css=\u00a0\u00bb.vc_custom_1698846820852{background-color: #f8f8f8 !important;}\u00a0\u00bb][vc_row_inner][vc_column_inner width=\u00a0\u00bb1\/6&Prime;][\/vc_column_inner][vc_column_inner el_class=\u00a0\u00bbcf_gt\u00a0\u00bb width=\u00a0\u00bb2\/3&Prime;][vc_column_text css=\u00a0\u00bb\u00a0\u00bb]<\/p>\n<p class=\"p1\" style=\"text-align: center;\"><span style=\"font-size: 14px;\">**Offre valable \u00e0 partir d&rsquo;un montant de commande de fr. 10&rsquo;000.- | Non cumulable | Max. 1 bon par commande |<br \/>\nOffre valable sur les commandes pass\u00e9es du <span data-sheets-root=\"1\">27.12.2025 \u2013 23.02.2026<\/span><\/span><\/p>\n<p>[\/vc_column_text][\/vc_column_inner][vc_column_inner width=\u00a0\u00bb1\/6&Prime;][\/vc_column_inner][\/vc_row_inner][\/vc_column][\/vc_row][vc_row][vc_column]<div class=\"ult-spacer spacer-69d29b63b7cd4\" data-id=\"69d29b63b7cd4\" data-height=\"30\" data-height-mobile=\"30\" data-height-tab=\"\" data-height-tab-portrait=\"\" data-height-mobile-landscape=\"30\" style=\"clear:both;display:block;\"><\/div>[\/vc_column][\/vc_row]<\/p>\n<\/div>","protected":false},"excerpt":{"rendered":"<p>[vc_row full_width=\u00a0\u00bbstretch_row_content\u00a0\u00bb equal_height=\u00a0\u00bbyes\u00a0\u00bb bg_type=\u00a0\u00bbimage\u00a0\u00bb parallax_style=\u00a0\u00bbvcpb-default\u00a0\u00bb bg_image_new=\u00a0\u00bbid^3879|url^https:\/\/kuechen-baeder.fust.ch\/wp-content\/uploads\/2019\/04\/Klassische-K\u00fcche-SOLID-C-VALAIS.jpg|caption^null|alt^null|title^Klassische-K\u00fcche-SOLID-C-VALAIS|description^null\u00a0\u00bb bg_image_repeat=\u00a0\u00bbno-repeat\u00a0\u00bb css=\u00a0\u00bb.vc_custom_1716807498877{background-position: center !important;background-repeat: no-repeat !important;background-size: cover !important;}\u00a0\u00bb el_class=\u00a0\u00bbback_m form_area\u00a0\u00bb][vc_column css=\u00a0\u00bb.vc_custom_1698846820852{background-color: #f8f8f8 !important;}\u00a0\u00bb][vc_single_image image=\u00a0\u00bb38049&Prime; img_size=\u00a0\u00bb1140&#215;500&Prime; alignment=\u00a0\u00bbcenter\u00a0\u00bb css=\u00a0\u00bb\u00a0\u00bb][vc_row_inner][vc_column_inner width=\u00a0\u00bb1\/6&Prime;][\/vc_column_inner][vc_column_inner el_class=\u00a0\u00bbcf_gt\u00a0\u00bb width=\u00a0\u00bb2\/3&Prime;][vc_custom_heading text=\u00a0\u00bbT\u00e9l\u00e9chargez votre bon maintenant !**\u00a0\u00bb font_container=\u00a0\u00bbtag:h3|text_align:center\u00a0\u00bb use_theme_fonts=\u00a0\u00bbyes\u00a0\u00bb css=\u00a0\u00bb.vc_custom_1755768509866{margin-bottom: 30px !important;}\u00a0\u00bb][\/vc_column_inner][vc_column_inner width=\u00a0\u00bb1\/6&Prime;][\/vc_column_inner][\/vc_row_inner][\/vc_column][\/vc_row][vc_row full_width=\u00a0\u00bbstretch_row_content\u00a0\u00bb equal_height=\u00a0\u00bbyes\u00a0\u00bb bg_type=\u00a0\u00bbimage\u00a0\u00bb parallax_style=\u00a0\u00bbvcpb-default\u00a0\u00bb bg_image_new=\u00a0\u00bbid^3879|url^https:\/\/kuechen-baeder.fust.ch\/wp-content\/uploads\/2019\/04\/Klassische-K\u00fcche-SOLID-C-VALAIS.jpg|caption^null|alt^null|title^Klassische-K\u00fcche-SOLID-C-VALAIS|description^null\u00a0\u00bb bg_image_repeat=\u00a0\u00bbno-repeat\u00a0\u00bb css=\u00a0\u00bb.vc_custom_1716807498877{background-position: center !important;background-repeat: no-repeat !important;background-size: cover !important;}\u00a0\u00bb el_class=\u00a0\u00bbback_m form_area\u00a0\u00bb][vc_column css=\u00a0\u00bb.vc_custom_1698846820852{background-color: #f8f8f8 !important;}\u00a0\u00bb][vc_row_inner][vc_column_inner [&#8230;]<\/p>\n<p><a class=\"btn btn-secondary understrap-read-more-link\" href=\"https:\/\/kuechen-baeder.fust.ch\/fr\/salles-de-bains\/bons\/\">Lire la suite\u2026<\/a><\/p>\n","protected":false},"author":3,"featured_media":0,"parent":6263,"menu_order":0,"comment_status":"closed","ping_status":"closed","template":"","meta":{"_acf_changed":false,"footnotes":""},"class_list":["post-24084","page","type-page","status-publish","hentry"],"acf":[],"yoast_head":"<!-- This site is optimized with the Yoast SEO plugin v26.6 - https:\/\/yoast.com\/wordpress\/plugins\/seo\/ -->\n<title>Coupons - Bains - Fust K\u00fcche\u22c5Bad\u22c5Bau<\/title>\n<meta name=\"robots\" content=\"index, follow, max-snippet:-1, max-image-preview:large, max-video-preview:-1\" \/>\n<link rel=\"canonical\" href=\"https:\/\/kuechen-baeder.fust.ch\/fr\/salles-de-bains\/bons\/\" \/>\n<meta property=\"og:locale\" content=\"fr_FR\" \/>\n<meta property=\"og:type\" content=\"article\" \/>\n<meta property=\"og:title\" content=\"Coupons - Bains - Fust K\u00fcche\u22c5Bad\u22c5Bau\" \/>\n<meta property=\"og:description\" content=\"[vc_row full_width=\u00a0\u00bbstretch_row_content\u00a0\u00bb equal_height=\u00a0\u00bbyes\u00a0\u00bb bg_type=\u00a0\u00bbimage\u00a0\u00bb parallax_style=\u00a0\u00bbvcpb-default\u00a0\u00bb bg_image_new=\u00a0\u00bbid^3879|url^https:\/\/kuechen-baeder.fust.ch\/wp-content\/uploads\/2019\/04\/Klassische-K\u00fcche-SOLID-C-VALAIS.jpg|caption^null|alt^null|title^Klassische-K\u00fcche-SOLID-C-VALAIS|description^null\u00a0\u00bb bg_image_repeat=\u00a0\u00bbno-repeat\u00a0\u00bb css=\u00a0\u00bb.vc_custom_1716807498877{background-position: center !important;background-repeat: no-repeat !important;background-size: cover !important;}\u00a0\u00bb el_class=\u00a0\u00bbback_m form_area\u00a0\u00bb][vc_column css=\u00a0\u00bb.vc_custom_1698846820852{background-color: #f8f8f8 !important;}\u00a0\u00bb][vc_single_image image=\u00a0\u00bb38049&Prime; img_size=\u00a0\u00bb1140&#215;500&Prime; alignment=\u00a0\u00bbcenter\u00a0\u00bb css=\u00a0\u00bb\u00a0\u00bb][vc_row_inner][vc_column_inner width=\u00a0\u00bb1\/6&Prime;][\/vc_column_inner][vc_column_inner el_class=\u00a0\u00bbcf_gt\u00a0\u00bb width=\u00a0\u00bb2\/3&Prime;][vc_custom_heading text=\u00a0\u00bbT\u00e9l\u00e9chargez votre bon maintenant !**\u00a0\u00bb font_container=\u00a0\u00bbtag:h3|text_align:center\u00a0\u00bb use_theme_fonts=\u00a0\u00bbyes\u00a0\u00bb css=\u00a0\u00bb.vc_custom_1755768509866{margin-bottom: 30px !important;}\u00a0\u00bb][\/vc_column_inner][vc_column_inner width=\u00a0\u00bb1\/6&Prime;][\/vc_column_inner][\/vc_row_inner][\/vc_column][\/vc_row][vc_row full_width=\u00a0\u00bbstretch_row_content\u00a0\u00bb equal_height=\u00a0\u00bbyes\u00a0\u00bb bg_type=\u00a0\u00bbimage\u00a0\u00bb parallax_style=\u00a0\u00bbvcpb-default\u00a0\u00bb bg_image_new=\u00a0\u00bbid^3879|url^https:\/\/kuechen-baeder.fust.ch\/wp-content\/uploads\/2019\/04\/Klassische-K\u00fcche-SOLID-C-VALAIS.jpg|caption^null|alt^null|title^Klassische-K\u00fcche-SOLID-C-VALAIS|description^null\u00a0\u00bb bg_image_repeat=\u00a0\u00bbno-repeat\u00a0\u00bb css=\u00a0\u00bb.vc_custom_1716807498877{background-position: center !important;background-repeat: no-repeat !important;background-size: cover !important;}\u00a0\u00bb el_class=\u00a0\u00bbback_m form_area\u00a0\u00bb][vc_column css=\u00a0\u00bb.vc_custom_1698846820852{background-color: #f8f8f8 !important;}\u00a0\u00bb][vc_row_inner][vc_column_inner [...]Lire la suite\u2026\" \/>\n<meta property=\"og:url\" content=\"https:\/\/kuechen-baeder.fust.ch\/fr\/salles-de-bains\/bons\/\" \/>\n<meta property=\"og:site_name\" content=\"Fust K\u00fcche\u22c5Bad\u22c5Bau\" \/>\n<meta property=\"article:modified_time\" content=\"2025-12-23T12:17:04+00:00\" \/>\n<meta name=\"twitter:card\" content=\"summary_large_image\" \/>\n<meta name=\"twitter:label1\" content=\"Dur\u00e9e de lecture estim\u00e9e\" \/>\n\t<meta name=\"twitter:data1\" content=\"1 minute\" \/>\n<script type=\"application\/ld+json\" class=\"yoast-schema-graph\">{\"@context\":\"https:\/\/schema.org\",\"@graph\":[{\"@type\":\"WebPage\",\"@id\":\"https:\/\/kuechen-baeder.fust.ch\/fr\/salles-de-bains\/bons\/\",\"url\":\"https:\/\/kuechen-baeder.fust.ch\/fr\/salles-de-bains\/bons\/\",\"name\":\"Coupons - Bains - Fust K\u00fcche\u22c5Bad\u22c5Bau\",\"isPartOf\":{\"@id\":\"https:\/\/kuechen-baeder.fust.ch\/#website\"},\"datePublished\":\"2023-12-22T12:59:49+00:00\",\"dateModified\":\"2025-12-23T12:17:04+00:00\",\"breadcrumb\":{\"@id\":\"https:\/\/kuechen-baeder.fust.ch\/fr\/salles-de-bains\/bons\/#breadcrumb\"},\"inLanguage\":\"fr-FR\",\"potentialAction\":[{\"@type\":\"ReadAction\",\"target\":[\"https:\/\/kuechen-baeder.fust.ch\/fr\/salles-de-bains\/bons\/\"]}]},{\"@type\":\"BreadcrumbList\",\"@id\":\"https:\/\/kuechen-baeder.fust.ch\/fr\/salles-de-bains\/bons\/#breadcrumb\",\"itemListElement\":[{\"@type\":\"ListItem\",\"position\":1,\"name\":\"Home\",\"item\":\"https:\/\/kuechen-baeder.fust.ch\/fr\/\"},{\"@type\":\"ListItem\",\"position\":2,\"name\":\"Badezimmer\",\"item\":\"https:\/\/kuechen-baeder.fust.ch\/fr\/salles-de-bains\/\"},{\"@type\":\"ListItem\",\"position\":3,\"name\":\"Coupons &#8211; Bains\"}]},{\"@type\":\"WebSite\",\"@id\":\"https:\/\/kuechen-baeder.fust.ch\/#website\",\"url\":\"https:\/\/kuechen-baeder.fust.ch\/\",\"name\":\"Fust K\u00fcche\u22c5Bad\u22c5Bau\",\"description\":\"Ihr Experte f\u00fcr K\u00fcche und Bad mit \u00fcber 40 Jahren Erfahrung und Studios schweizweit.\",\"publisher\":{\"@id\":\"https:\/\/kuechen-baeder.fust.ch\/#organization\"},\"potentialAction\":[{\"@type\":\"SearchAction\",\"target\":{\"@type\":\"EntryPoint\",\"urlTemplate\":\"https:\/\/kuechen-baeder.fust.ch\/?s={search_term_string}\"},\"query-input\":{\"@type\":\"PropertyValueSpecification\",\"valueRequired\":true,\"valueName\":\"search_term_string\"}}],\"inLanguage\":\"fr-FR\"},{\"@type\":\"Organization\",\"@id\":\"https:\/\/kuechen-baeder.fust.ch\/#organization\",\"name\":\"Fust K\u00fcche\u22c5Bad\u22c5Bau\",\"url\":\"https:\/\/kuechen-baeder.fust.ch\/\",\"logo\":{\"@type\":\"ImageObject\",\"inLanguage\":\"fr-FR\",\"@id\":\"https:\/\/kuechen-baeder.fust.ch\/#\/schema\/logo\/image\/\",\"url\":\"https:\/\/kuechen-baeder.fust.ch\/wp-content\/uploads\/2025\/08\/cropped-Fust_KuechenBaeder-Fust_schwarz-orange_RGB-scaled-1.png\",\"contentUrl\":\"https:\/\/kuechen-baeder.fust.ch\/wp-content\/uploads\/2025\/08\/cropped-Fust_KuechenBaeder-Fust_schwarz-orange_RGB-scaled-1.png\",\"width\":2560,\"height\":1520,\"caption\":\"Fust K\u00fcche\u22c5Bad\u22c5Bau\"},\"image\":{\"@id\":\"https:\/\/kuechen-baeder.fust.ch\/#\/schema\/logo\/image\/\"}}]}<\/script>\n<!-- \/ Yoast SEO plugin. -->","yoast_head_json":{"title":"Coupons - Bains - Fust K\u00fcche\u22c5Bad\u22c5Bau","robots":{"index":"index","follow":"follow","max-snippet":"max-snippet:-1","max-image-preview":"max-image-preview:large","max-video-preview":"max-video-preview:-1"},"canonical":"https:\/\/kuechen-baeder.fust.ch\/fr\/salles-de-bains\/bons\/","og_locale":"fr_FR","og_type":"article","og_title":"Coupons - Bains - Fust K\u00fcche\u22c5Bad\u22c5Bau","og_description":"[vc_row full_width=\u00a0\u00bbstretch_row_content\u00a0\u00bb equal_height=\u00a0\u00bbyes\u00a0\u00bb bg_type=\u00a0\u00bbimage\u00a0\u00bb parallax_style=\u00a0\u00bbvcpb-default\u00a0\u00bb bg_image_new=\u00a0\u00bbid^3879|url^https:\/\/kuechen-baeder.fust.ch\/wp-content\/uploads\/2019\/04\/Klassische-K\u00fcche-SOLID-C-VALAIS.jpg|caption^null|alt^null|title^Klassische-K\u00fcche-SOLID-C-VALAIS|description^null\u00a0\u00bb bg_image_repeat=\u00a0\u00bbno-repeat\u00a0\u00bb css=\u00a0\u00bb.vc_custom_1716807498877{background-position: center !important;background-repeat: no-repeat !important;background-size: cover !important;}\u00a0\u00bb el_class=\u00a0\u00bbback_m form_area\u00a0\u00bb][vc_column css=\u00a0\u00bb.vc_custom_1698846820852{background-color: #f8f8f8 !important;}\u00a0\u00bb][vc_single_image image=\u00a0\u00bb38049&Prime; img_size=\u00a0\u00bb1140&#215;500&Prime; alignment=\u00a0\u00bbcenter\u00a0\u00bb css=\u00a0\u00bb\u00a0\u00bb][vc_row_inner][vc_column_inner width=\u00a0\u00bb1\/6&Prime;][\/vc_column_inner][vc_column_inner el_class=\u00a0\u00bbcf_gt\u00a0\u00bb width=\u00a0\u00bb2\/3&Prime;][vc_custom_heading text=\u00a0\u00bbT\u00e9l\u00e9chargez votre bon maintenant !**\u00a0\u00bb font_container=\u00a0\u00bbtag:h3|text_align:center\u00a0\u00bb use_theme_fonts=\u00a0\u00bbyes\u00a0\u00bb css=\u00a0\u00bb.vc_custom_1755768509866{margin-bottom: 30px !important;}\u00a0\u00bb][\/vc_column_inner][vc_column_inner width=\u00a0\u00bb1\/6&Prime;][\/vc_column_inner][\/vc_row_inner][\/vc_column][\/vc_row][vc_row full_width=\u00a0\u00bbstretch_row_content\u00a0\u00bb equal_height=\u00a0\u00bbyes\u00a0\u00bb bg_type=\u00a0\u00bbimage\u00a0\u00bb parallax_style=\u00a0\u00bbvcpb-default\u00a0\u00bb bg_image_new=\u00a0\u00bbid^3879|url^https:\/\/kuechen-baeder.fust.ch\/wp-content\/uploads\/2019\/04\/Klassische-K\u00fcche-SOLID-C-VALAIS.jpg|caption^null|alt^null|title^Klassische-K\u00fcche-SOLID-C-VALAIS|description^null\u00a0\u00bb bg_image_repeat=\u00a0\u00bbno-repeat\u00a0\u00bb css=\u00a0\u00bb.vc_custom_1716807498877{background-position: center !important;background-repeat: no-repeat !important;background-size: cover !important;}\u00a0\u00bb el_class=\u00a0\u00bbback_m form_area\u00a0\u00bb][vc_column css=\u00a0\u00bb.vc_custom_1698846820852{background-color: #f8f8f8 !important;}\u00a0\u00bb][vc_row_inner][vc_column_inner [...]Lire la suite\u2026","og_url":"https:\/\/kuechen-baeder.fust.ch\/fr\/salles-de-bains\/bons\/","og_site_name":"Fust K\u00fcche\u22c5Bad\u22c5Bau","article_modified_time":"2025-12-23T12:17:04+00:00","twitter_card":"summary_large_image","twitter_misc":{"Dur\u00e9e de lecture estim\u00e9e":"1 minute"},"schema":{"@context":"https:\/\/schema.org","@graph":[{"@type":"WebPage","@id":"https:\/\/kuechen-baeder.fust.ch\/fr\/salles-de-bains\/bons\/","url":"https:\/\/kuechen-baeder.fust.ch\/fr\/salles-de-bains\/bons\/","name":"Coupons - Bains - Fust K\u00fcche\u22c5Bad\u22c5Bau","isPartOf":{"@id":"https:\/\/kuechen-baeder.fust.ch\/#website"},"datePublished":"2023-12-22T12:59:49+00:00","dateModified":"2025-12-23T12:17:04+00:00","breadcrumb":{"@id":"https:\/\/kuechen-baeder.fust.ch\/fr\/salles-de-bains\/bons\/#breadcrumb"},"inLanguage":"fr-FR","potentialAction":[{"@type":"ReadAction","target":["https:\/\/kuechen-baeder.fust.ch\/fr\/salles-de-bains\/bons\/"]}]},{"@type":"BreadcrumbList","@id":"https:\/\/kuechen-baeder.fust.ch\/fr\/salles-de-bains\/bons\/#breadcrumb","itemListElement":[{"@type":"ListItem","position":1,"name":"Home","item":"https:\/\/kuechen-baeder.fust.ch\/fr\/"},{"@type":"ListItem","position":2,"name":"Badezimmer","item":"https:\/\/kuechen-baeder.fust.ch\/fr\/salles-de-bains\/"},{"@type":"ListItem","position":3,"name":"Coupons &#8211; Bains"}]},{"@type":"WebSite","@id":"https:\/\/kuechen-baeder.fust.ch\/#website","url":"https:\/\/kuechen-baeder.fust.ch\/","name":"Fust K\u00fcche\u22c5Bad\u22c5Bau","description":"Ihr Experte f\u00fcr K\u00fcche und Bad mit \u00fcber 40 Jahren Erfahrung und Studios schweizweit.","publisher":{"@id":"https:\/\/kuechen-baeder.fust.ch\/#organization"},"potentialAction":[{"@type":"SearchAction","target":{"@type":"EntryPoint","urlTemplate":"https:\/\/kuechen-baeder.fust.ch\/?s={search_term_string}"},"query-input":{"@type":"PropertyValueSpecification","valueRequired":true,"valueName":"search_term_string"}}],"inLanguage":"fr-FR"},{"@type":"Organization","@id":"https:\/\/kuechen-baeder.fust.ch\/#organization","name":"Fust K\u00fcche\u22c5Bad\u22c5Bau","url":"https:\/\/kuechen-baeder.fust.ch\/","logo":{"@type":"ImageObject","inLanguage":"fr-FR","@id":"https:\/\/kuechen-baeder.fust.ch\/#\/schema\/logo\/image\/","url":"https:\/\/kuechen-baeder.fust.ch\/wp-content\/uploads\/2025\/08\/cropped-Fust_KuechenBaeder-Fust_schwarz-orange_RGB-scaled-1.png","contentUrl":"https:\/\/kuechen-baeder.fust.ch\/wp-content\/uploads\/2025\/08\/cropped-Fust_KuechenBaeder-Fust_schwarz-orange_RGB-scaled-1.png","width":2560,"height":1520,"caption":"Fust K\u00fcche\u22c5Bad\u22c5Bau"},"image":{"@id":"https:\/\/kuechen-baeder.fust.ch\/#\/schema\/logo\/image\/"}}]}},"_links":{"self":[{"href":"https:\/\/kuechen-baeder.fust.ch\/fr\/wp-json\/wp\/v2\/pages\/24084","targetHints":{"allow":["GET"]}}],"collection":[{"href":"https:\/\/kuechen-baeder.fust.ch\/fr\/wp-json\/wp\/v2\/pages"}],"about":[{"href":"https:\/\/kuechen-baeder.fust.ch\/fr\/wp-json\/wp\/v2\/types\/page"}],"author":[{"embeddable":true,"href":"https:\/\/kuechen-baeder.fust.ch\/fr\/wp-json\/wp\/v2\/users\/3"}],"replies":[{"embeddable":true,"href":"https:\/\/kuechen-baeder.fust.ch\/fr\/wp-json\/wp\/v2\/comments?post=24084"}],"version-history":[{"count":5,"href":"https:\/\/kuechen-baeder.fust.ch\/fr\/wp-json\/wp\/v2\/pages\/24084\/revisions"}],"predecessor-version":[{"id":38071,"href":"https:\/\/kuechen-baeder.fust.ch\/fr\/wp-json\/wp\/v2\/pages\/24084\/revisions\/38071"}],"up":[{"embeddable":true,"href":"https:\/\/kuechen-baeder.fust.ch\/fr\/wp-json\/wp\/v2\/pages\/6263"}],"wp:attachment":[{"href":"https:\/\/kuechen-baeder.fust.ch\/fr\/wp-json\/wp\/v2\/media?parent=24084"}],"curies":[{"name":"wp","href":"https:\/\/api.w.org\/{rel}","templated":true}]}}