{"id":2526,"date":"2019-04-23T22:24:08","date_gmt":"2019-04-23T20:24:08","guid":{"rendered":"https:\/\/kuechen-baeder.fust.ch\/kuechenkatalog-kuechenmagazin\/"},"modified":"2025-06-06T17:19:37","modified_gmt":"2025-06-06T15:19:37","slug":"catalogue-de-cuisines","status":"publish","type":"page","link":"https:\/\/kuechen-baeder.fust.ch\/fr\/cuisines\/catalogue-de-cuisines\/","title":{"rendered":"K\u00fcchenkatalog"},"content":{"rendered":"<div class=\"wpb-content-wrapper\"><p>\u2013[vc_row][vc_column offset=\u00a0\u00bbvc_hidden-xs\u00a0\u00bb][vc_column_text]<\/p>\n<div id=\"online_planner\">\n<h1 style=\"text-align: center;\"><span data-sheets-value=\"{&quot;1&quot;:2,&quot;2&quot;:&quot;Catalogue de cuisines&quot;}\" data-sheets-userformat=\"{&quot;2&quot;:961,&quot;3&quot;:{&quot;1&quot;:0},&quot;9&quot;:0,&quot;10&quot;:0,&quot;11&quot;:4,&quot;12&quot;:0}\">Catalogue de cuisines<\/span><\/h1>\n<\/div>\n<p>[\/vc_column_text][vc_column_text css=\u00a0\u00bb\u00a0\u00bb el_class=\u00a0\u00bbonline_planner_content\u00a0\u00bb]Vous r\u00eavez d&rsquo;une nouvelle cuisine ? Dans le magazine Fust Cuisines, vous trouverez des id\u00e9es, des tendances et des exemples concrets pour r\u00e9aliser vos souhaits individuels. D\u00e9couvrez notre assortiment vari\u00e9 de meubles de cuisine, d&rsquo;appareils encastrables et d&rsquo;accessoires de nos marques partenaires. Laissez-vous inspirer par de v\u00e9ritables projets avant-apr\u00e8s r\u00e9alis\u00e9s dans toute la Suisse.[\/vc_column_text][\/vc_column][vc_column offset=\u00a0\u00bbvc_hidden-lg vc_hidden-md vc_hidden-sm\u00a0\u00bb][vc_column_text]<\/p>\n<h1 style=\"text-align: center;\"><span data-sheets-value=\"{&quot;1&quot;:2,&quot;2&quot;:&quot;Catalogue de cuisines&quot;}\" data-sheets-userformat=\"{&quot;2&quot;:963,&quot;3&quot;:{&quot;1&quot;:0},&quot;4&quot;:[null,2,65280],&quot;9&quot;:0,&quot;10&quot;:0,&quot;11&quot;:4,&quot;12&quot;:0}\">Catalogue de cuisines<\/span><\/h1>\n<p>[\/vc_column_text][\/vc_column][\/vc_row][vc_row][vc_column el_class=\u00a0\u00bbkatalog_im\u00a0\u00bb][vc_row_inner][vc_column_inner width=\u00a0\u00bb1\/2&Prime; offset=\u00a0\u00bbvc_hidden-lg vc_hidden-md vc_hidden-sm\u00a0\u00bb css=\u00a0\u00bb.vc_custom_1564995803930{padding-top: 0px !important;}\u00a0\u00bb][vc_column_text css=\u00a0\u00bb.vc_custom_1749222887364{margin-top: 0px !important;margin-bottom: 20px !important;}\u00a0\u00bb]<span data-sheets-value=\"{&quot;1&quot;:2,&quot;2&quot;:&quot;Votre magazine de cuisines personnel avec un vaste choix sur plus de 300 pages.&quot;}\" data-sheets-userformat=\"{&quot;2&quot;:963,&quot;3&quot;:{&quot;1&quot;:0},&quot;4&quot;:[null,2,65280],&quot;9&quot;:0,&quot;10&quot;:0,&quot;11&quot;:4,&quot;12&quot;:0}\">Votre <strong>magazine de cuisines <\/strong>personalis\u00e9.<\/span>[\/vc_column_text][vc_btn title=\u00a0\u00bbCommander gratuitement\u00a0\u00bb color=\u00a0\u00bbwhite\u00a0\u00bb align=\u00a0\u00bbleft\u00a0\u00bb css=\u00a0\u00bb.vc_custom_1573742338469{margin-top: 0px !important;}\u00a0\u00bb link=\u00a0\u00bburl:%23|||\u00a0\u00bb el_class=\u00a0\u00bbtop-link-btn btn1 kuchenmagazin_pop mob_butt\u00a0\u00bb][\/vc_column_inner][vc_column_inner width=\u00a0\u00bb1\/2&Prime;][vc_single_image image=\u00a0\u00bb37668&Prime; img_size=\u00a0\u00bbfull\u00a0\u00bb alignment=\u00a0\u00bbright\u00a0\u00bb css=\u00a0\u00bb\u00a0\u00bb][\/vc_column_inner][vc_column_inner width=\u00a0\u00bb1\/2&Prime; offset=\u00a0\u00bbvc_hidden-lg vc_hidden-md vc_hidden-sm\u00a0\u00bb css=\u00a0\u00bb.vc_custom_1563820619693{padding-top: 0px !important;}\u00a0\u00bb][\/vc_column_inner][vc_column_inner width=\u00a0\u00bb1\/2&Prime; offset=\u00a0\u00bbvc_hidden-xs\u00a0\u00bb][vc_column_text css=\u00a0\u00bb.vc_custom_1572864011625{margin-top: 20px !important;margin-bottom: 0px !important;}\u00a0\u00bb]<span data-sheets-value=\"{&quot;1&quot;:2,&quot;2&quot;:&quot;Votre magazine de cuisines personnel avec un vaste choix sur plus de 300 pages.&quot;}\" data-sheets-userformat=\"{&quot;2&quot;:961,&quot;3&quot;:{&quot;1&quot;:0},&quot;9&quot;:0,&quot;10&quot;:0,&quot;11&quot;:4,&quot;12&quot;:0}\">Votre<strong> magazine de cuisines<\/strong> personalis\u00e9.<\/span>[\/vc_column_text][vc_btn title=\u00a0\u00bbCommander gratuitement\u00a0\u00bb color=\u00a0\u00bbwhite\u00a0\u00bb align=\u00a0\u00bbleft\u00a0\u00bb css=\u00a0\u00bb.vc_custom_1573742351779{margin-top: 0px !important;}\u00a0\u00bb link=\u00a0\u00bburl:%23|||\u00a0\u00bb el_class=\u00a0\u00bbtop-link-btn btn1 kuchenmagazin_pop\u00a0\u00bb][\/vc_column_inner][\/vc_row_inner][\/vc_column][\/vc_row][vc_row][vc_column offset=\u00a0\u00bbvc_hidden-lg vc_hidden-md vc_hidden-sm\u00a0\u00bb][vc_column_text css=\u00a0\u00bb\u00a0\u00bb el_class=\u00a0\u00bbonline_planner_content\u00a0\u00bb]Vous r\u00eavez d&rsquo;une nouvelle cuisine ? Dans le magazine Fust Cuisines, vous trouverez des id\u00e9es, des tendances et des exemples concrets pour r\u00e9aliser vos souhaits individuels. D\u00e9couvrez notre assortiment vari\u00e9 de meubles de cuisine, d&rsquo;appareils encastrables et d&rsquo;accessoires de nos marques partenaires. Laissez-vous inspirer par de v\u00e9ritables projets avant-apr\u00e8s r\u00e9alis\u00e9s dans toute la Suisse.[\/vc_column_text][\/vc_column][\/vc_row]<\/p>\n<\/div>","protected":false},"excerpt":{"rendered":"<p>\u2013[vc_row][vc_column offset=\u00a0\u00bbvc_hidden-xs\u00a0\u00bb][vc_column_text] Catalogue de cuisines [\/vc_column_text][vc_column_text css=\u00a0\u00bb\u00a0\u00bb el_class=\u00a0\u00bbonline_planner_content\u00a0\u00bb]Vous r\u00eavez d&rsquo;une nouvelle cuisine ? Dans le magazine Fust Cuisines, vous trouverez des id\u00e9es, des tendances et des exemples concrets pour r\u00e9aliser vos souhaits individuels. D\u00e9couvrez notre assortiment vari\u00e9 de meubles de cuisine, d&rsquo;appareils encastrables et d&rsquo;accessoires de nos marques partenaires. Laissez-vous inspirer par de v\u00e9ritables projets [&#8230;]<\/p>\n<p><a class=\"btn btn-secondary understrap-read-more-link\" href=\"https:\/\/kuechen-baeder.fust.ch\/fr\/cuisines\/catalogue-de-cuisines\/\">Lire la suite\u2026<\/a><\/p>\n","protected":false},"author":3,"featured_media":0,"parent":3079,"menu_order":0,"comment_status":"closed","ping_status":"closed","template":"","meta":{"_acf_changed":false,"footnotes":""},"class_list":["post-2526","page","type-page","status-publish","hentry"],"acf":[],"yoast_head":"<!-- This site is optimized with the Yoast SEO plugin v26.6 - https:\/\/yoast.com\/wordpress\/plugins\/seo\/ -->\n<title>Catalogue de cuisines - Inspirations et tendances<\/title>\n<meta name=\"description\" content=\"Catalogue de cuisines Fust avec les derni\u00e8res tendances, conseils pratiques et projets avant-apr\u00e8s. Commandez le gratuit maintenant.\" \/>\n<meta name=\"robots\" content=\"index, follow, max-snippet:-1, max-image-preview:large, max-video-preview:-1\" \/>\n<link rel=\"canonical\" href=\"https:\/\/kuechen-baeder.fust.ch\/fr\/cuisines\/catalogue-de-cuisines\/\" \/>\n<meta property=\"og:locale\" content=\"fr_FR\" \/>\n<meta property=\"og:type\" content=\"article\" \/>\n<meta property=\"og:title\" content=\"K\u00fcchenmagazin - Grosses K\u00fcchensortiment auf \u00fcber 300 Seiten\" \/>\n<meta property=\"og:description\" content=\"Katalog und Prospekt mit K\u00fcchentrends und -Ideen online anschauen und kostenlos nach Hause bestellen.\" \/>\n<meta property=\"og:url\" content=\"https:\/\/kuechen-baeder.fust.ch\/fr\/cuisines\/catalogue-de-cuisines\/\" \/>\n<meta property=\"og:site_name\" content=\"Fust K\u00fcche\u22c5Bad\u22c5Bau\" \/>\n<meta property=\"article:modified_time\" content=\"2025-06-06T15:19:37+00:00\" \/>\n<meta name=\"twitter:card\" content=\"summary_large_image\" \/>\n<meta name=\"twitter:label1\" content=\"Dur\u00e9e de lecture estim\u00e9e\" \/>\n\t<meta name=\"twitter:data1\" content=\"2 minutes\" \/>\n<script type=\"application\/ld+json\" class=\"yoast-schema-graph\">{\"@context\":\"https:\/\/schema.org\",\"@graph\":[{\"@type\":\"WebPage\",\"@id\":\"https:\/\/kuechen-baeder.fust.ch\/fr\/cuisines\/catalogue-de-cuisines\/\",\"url\":\"https:\/\/kuechen-baeder.fust.ch\/fr\/cuisines\/catalogue-de-cuisines\/\",\"name\":\"Catalogue de cuisines - Inspirations et tendances\",\"isPartOf\":{\"@id\":\"https:\/\/kuechen-baeder.fust.ch\/#website\"},\"datePublished\":\"2019-04-23T20:24:08+00:00\",\"dateModified\":\"2025-06-06T15:19:37+00:00\",\"description\":\"Catalogue de cuisines Fust avec les derni\u00e8res tendances, conseils pratiques et projets avant-apr\u00e8s. Commandez le gratuit maintenant.\",\"breadcrumb\":{\"@id\":\"https:\/\/kuechen-baeder.fust.ch\/fr\/cuisines\/catalogue-de-cuisines\/#breadcrumb\"},\"inLanguage\":\"fr-FR\",\"potentialAction\":[{\"@type\":\"ReadAction\",\"target\":[\"https:\/\/kuechen-baeder.fust.ch\/fr\/cuisines\/catalogue-de-cuisines\/\"]}]},{\"@type\":\"BreadcrumbList\",\"@id\":\"https:\/\/kuechen-baeder.fust.ch\/fr\/cuisines\/catalogue-de-cuisines\/#breadcrumb\",\"itemListElement\":[{\"@type\":\"ListItem\",\"position\":1,\"name\":\"Home\",\"item\":\"https:\/\/kuechen-baeder.fust.ch\/fr\/\"},{\"@type\":\"ListItem\",\"position\":2,\"name\":\"K\u00fcchen\",\"item\":\"https:\/\/kuechen-baeder.fust.ch\/fr\/cuisines\/\"},{\"@type\":\"ListItem\",\"position\":3,\"name\":\"K\u00fcchenkatalog\"}]},{\"@type\":\"WebSite\",\"@id\":\"https:\/\/kuechen-baeder.fust.ch\/#website\",\"url\":\"https:\/\/kuechen-baeder.fust.ch\/\",\"name\":\"Fust K\u00fcche\u22c5Bad\u22c5Bau\",\"description\":\"Ihr Experte f\u00fcr K\u00fcche und Bad mit \u00fcber 40 Jahren Erfahrung und Studios schweizweit.\",\"publisher\":{\"@id\":\"https:\/\/kuechen-baeder.fust.ch\/#organization\"},\"potentialAction\":[{\"@type\":\"SearchAction\",\"target\":{\"@type\":\"EntryPoint\",\"urlTemplate\":\"https:\/\/kuechen-baeder.fust.ch\/?s={search_term_string}\"},\"query-input\":{\"@type\":\"PropertyValueSpecification\",\"valueRequired\":true,\"valueName\":\"search_term_string\"}}],\"inLanguage\":\"fr-FR\"},{\"@type\":\"Organization\",\"@id\":\"https:\/\/kuechen-baeder.fust.ch\/#organization\",\"name\":\"Fust K\u00fcche\u22c5Bad\u22c5Bau\",\"url\":\"https:\/\/kuechen-baeder.fust.ch\/\",\"logo\":{\"@type\":\"ImageObject\",\"inLanguage\":\"fr-FR\",\"@id\":\"https:\/\/kuechen-baeder.fust.ch\/#\/schema\/logo\/image\/\",\"url\":\"https:\/\/kuechen-baeder.fust.ch\/wp-content\/uploads\/2025\/08\/cropped-Fust_KuechenBaeder-Fust_schwarz-orange_RGB-scaled-1.png\",\"contentUrl\":\"https:\/\/kuechen-baeder.fust.ch\/wp-content\/uploads\/2025\/08\/cropped-Fust_KuechenBaeder-Fust_schwarz-orange_RGB-scaled-1.png\",\"width\":2560,\"height\":1520,\"caption\":\"Fust K\u00fcche\u22c5Bad\u22c5Bau\"},\"image\":{\"@id\":\"https:\/\/kuechen-baeder.fust.ch\/#\/schema\/logo\/image\/\"}}]}<\/script>\n<!-- \/ Yoast SEO plugin. -->","yoast_head_json":{"title":"Catalogue de cuisines - Inspirations et tendances","description":"Catalogue de cuisines Fust avec les derni\u00e8res tendances, conseils pratiques et projets avant-apr\u00e8s. Commandez le gratuit maintenant.","robots":{"index":"index","follow":"follow","max-snippet":"max-snippet:-1","max-image-preview":"max-image-preview:large","max-video-preview":"max-video-preview:-1"},"canonical":"https:\/\/kuechen-baeder.fust.ch\/fr\/cuisines\/catalogue-de-cuisines\/","og_locale":"fr_FR","og_type":"article","og_title":"K\u00fcchenmagazin - Grosses K\u00fcchensortiment auf \u00fcber 300 Seiten","og_description":"Katalog und Prospekt mit K\u00fcchentrends und -Ideen online anschauen und kostenlos nach Hause bestellen.","og_url":"https:\/\/kuechen-baeder.fust.ch\/fr\/cuisines\/catalogue-de-cuisines\/","og_site_name":"Fust K\u00fcche\u22c5Bad\u22c5Bau","article_modified_time":"2025-06-06T15:19:37+00:00","twitter_card":"summary_large_image","twitter_misc":{"Dur\u00e9e de lecture estim\u00e9e":"2 minutes"},"schema":{"@context":"https:\/\/schema.org","@graph":[{"@type":"WebPage","@id":"https:\/\/kuechen-baeder.fust.ch\/fr\/cuisines\/catalogue-de-cuisines\/","url":"https:\/\/kuechen-baeder.fust.ch\/fr\/cuisines\/catalogue-de-cuisines\/","name":"Catalogue de cuisines - Inspirations et tendances","isPartOf":{"@id":"https:\/\/kuechen-baeder.fust.ch\/#website"},"datePublished":"2019-04-23T20:24:08+00:00","dateModified":"2025-06-06T15:19:37+00:00","description":"Catalogue de cuisines Fust avec les derni\u00e8res tendances, conseils pratiques et projets avant-apr\u00e8s. Commandez le gratuit maintenant.","breadcrumb":{"@id":"https:\/\/kuechen-baeder.fust.ch\/fr\/cuisines\/catalogue-de-cuisines\/#breadcrumb"},"inLanguage":"fr-FR","potentialAction":[{"@type":"ReadAction","target":["https:\/\/kuechen-baeder.fust.ch\/fr\/cuisines\/catalogue-de-cuisines\/"]}]},{"@type":"BreadcrumbList","@id":"https:\/\/kuechen-baeder.fust.ch\/fr\/cuisines\/catalogue-de-cuisines\/#breadcrumb","itemListElement":[{"@type":"ListItem","position":1,"name":"Home","item":"https:\/\/kuechen-baeder.fust.ch\/fr\/"},{"@type":"ListItem","position":2,"name":"K\u00fcchen","item":"https:\/\/kuechen-baeder.fust.ch\/fr\/cuisines\/"},{"@type":"ListItem","position":3,"name":"K\u00fcchenkatalog"}]},{"@type":"WebSite","@id":"https:\/\/kuechen-baeder.fust.ch\/#website","url":"https:\/\/kuechen-baeder.fust.ch\/","name":"Fust K\u00fcche\u22c5Bad\u22c5Bau","description":"Ihr Experte f\u00fcr K\u00fcche und Bad mit \u00fcber 40 Jahren Erfahrung und Studios schweizweit.","publisher":{"@id":"https:\/\/kuechen-baeder.fust.ch\/#organization"},"potentialAction":[{"@type":"SearchAction","target":{"@type":"EntryPoint","urlTemplate":"https:\/\/kuechen-baeder.fust.ch\/?s={search_term_string}"},"query-input":{"@type":"PropertyValueSpecification","valueRequired":true,"valueName":"search_term_string"}}],"inLanguage":"fr-FR"},{"@type":"Organization","@id":"https:\/\/kuechen-baeder.fust.ch\/#organization","name":"Fust K\u00fcche\u22c5Bad\u22c5Bau","url":"https:\/\/kuechen-baeder.fust.ch\/","logo":{"@type":"ImageObject","inLanguage":"fr-FR","@id":"https:\/\/kuechen-baeder.fust.ch\/#\/schema\/logo\/image\/","url":"https:\/\/kuechen-baeder.fust.ch\/wp-content\/uploads\/2025\/08\/cropped-Fust_KuechenBaeder-Fust_schwarz-orange_RGB-scaled-1.png","contentUrl":"https:\/\/kuechen-baeder.fust.ch\/wp-content\/uploads\/2025\/08\/cropped-Fust_KuechenBaeder-Fust_schwarz-orange_RGB-scaled-1.png","width":2560,"height":1520,"caption":"Fust K\u00fcche\u22c5Bad\u22c5Bau"},"image":{"@id":"https:\/\/kuechen-baeder.fust.ch\/#\/schema\/logo\/image\/"}}]}},"_links":{"self":[{"href":"https:\/\/kuechen-baeder.fust.ch\/fr\/wp-json\/wp\/v2\/pages\/2526","targetHints":{"allow":["GET"]}}],"collection":[{"href":"https:\/\/kuechen-baeder.fust.ch\/fr\/wp-json\/wp\/v2\/pages"}],"about":[{"href":"https:\/\/kuechen-baeder.fust.ch\/fr\/wp-json\/wp\/v2\/types\/page"}],"author":[{"embeddable":true,"href":"https:\/\/kuechen-baeder.fust.ch\/fr\/wp-json\/wp\/v2\/users\/3"}],"replies":[{"embeddable":true,"href":"https:\/\/kuechen-baeder.fust.ch\/fr\/wp-json\/wp\/v2\/comments?post=2526"}],"version-history":[{"count":5,"href":"https:\/\/kuechen-baeder.fust.ch\/fr\/wp-json\/wp\/v2\/pages\/2526\/revisions"}],"predecessor-version":[{"id":37725,"href":"https:\/\/kuechen-baeder.fust.ch\/fr\/wp-json\/wp\/v2\/pages\/2526\/revisions\/37725"}],"up":[{"embeddable":true,"href":"https:\/\/kuechen-baeder.fust.ch\/fr\/wp-json\/wp\/v2\/pages\/3079"}],"wp:attachment":[{"href":"https:\/\/kuechen-baeder.fust.ch\/fr\/wp-json\/wp\/v2\/media?parent=2526"}],"curies":[{"name":"wp","href":"https:\/\/api.w.org\/{rel}","templated":true}]}}