{"id":3067,"date":"2019-04-23T20:55:08","date_gmt":"2019-04-23T18:55:08","guid":{"rendered":"https:\/\/kuechen-baeder.fust.ch\/3d-online-kuechen-planer\/"},"modified":"2020-04-06T21:53:42","modified_gmt":"2020-04-06T19:53:42","slug":"planificateuer-3d-en-ligne","status":"publish","type":"page","link":"https:\/\/kuechen-baeder.fust.ch\/fr\/cuisines\/planificateuer-3d-en-ligne\/","title":{"rendered":"3D Online-K\u00fcchenplaner"},"content":{"rendered":"<div class=\"wpb-content-wrapper\"><p>[vc_row][vc_column][vc_column_text]<\/p>\n<h1 style=\"text-align: center;\"><span data-sheets-value=\"{&quot;1&quot;:2,&quot;2&quot;:&quot;Planificateur 3D en ligne&quot;}\" data-sheets-userformat=\"{&quot;2&quot;:961,&quot;3&quot;:{&quot;1&quot;:0},&quot;9&quot;:0,&quot;10&quot;:0,&quot;11&quot;:4,&quot;12&quot;:0}\">Planificateur de cuisine 3D en ligne<\/span><\/h1>\n<p>[\/vc_column_text][vc_single_image image=\u00a0\u00bb2119&Prime; img_size=\u00a0\u00bbfull\u00a0\u00bb alignment=\u00a0\u00bbcenter\u00a0\u00bb][vc_column_text el_class=\u00a0\u00bbonline_planner_content only_desktop\u00a0\u00bb]<span data-sheets-value=\"{&quot;1&quot;:2,&quot;2&quot;:&quot;Le planificateur 3D gratuit vous permet de configurer facilement et rapidement la cuisine de vos r\u00eaves. Cr\u00e9ez un espace, d\u00e9finissez l\u2019emplacement des portes et des fen\u00eatres, puis agencez les meubles \u00e0 votre guise. D\u00e8s la planification, vous aurez une impression r\u00e9aliste de l\u2019espace et mettrez toutes les chances de votre c\u00f4t\u00e9 pour concr\u00e9tiser la cuisine de vos r\u00eaves.&quot;}\" data-sheets-userformat=\"{&quot;2&quot;:961,&quot;3&quot;:{&quot;1&quot;:0},&quot;9&quot;:0,&quot;10&quot;:0,&quot;11&quot;:4,&quot;12&quot;:0}\">Le planificateur 3D gratuit vous permet de configurer facilement et rapidement la cuisine de vos r\u00eaves. Cr\u00e9ez un espace, d\u00e9finissez l\u2019emplacement des portes et des fen\u00eatres, puis agencez les meubles \u00e0 votre guise. D\u00e8s la planification, vous aurez une impression r\u00e9aliste de l\u2019espace et mettrez toutes les chances de votre c\u00f4t\u00e9 pour concr\u00e9tiser la cuisine de vos r\u00eaves.<\/span>[\/vc_column_text][vc_column_text el_class=\u00a0\u00bbonline_planner_content only_mobile\u00a0\u00bb]<span data-sheets-value=\"{&quot;1&quot;:2,&quot;2&quot;:&quot;Le planificateur 3D gratuit vous permet de configurer facilement et rapidement la cuisine de vos r\u00eaves. Cr\u00e9ez un espace, d\u00e9finissez l\u2019emplacement des portes et des fen\u00eatres, puis agencez les meubles \u00e0 votre guise. D\u00e8s la planification, vous aurez une impression r\u00e9aliste de l\u2019espace et mettrez toutes les chances de votre c\u00f4t\u00e9 pour concr\u00e9tiser la cuisine de vos r\u00eaves.&quot;}\" data-sheets-userformat=\"{&quot;2&quot;:961,&quot;3&quot;:{&quot;1&quot;:0},&quot;9&quot;:0,&quot;10&quot;:0,&quot;11&quot;:4,&quot;12&quot;:0}\">Le planificateur 3D gratuit vous permet de configurer facilement et rapidement la cuisine de vos r\u00eaves. Cr\u00e9ez un espace, d\u00e9finissez l\u2019emplacement des portes et des fen\u00eatres, puis agencez les meubles \u00e0 votre guise.<\/span>[\/vc_column_text][vc_btn title=\u00a0\u00bbD\u00c9MARRER LE PLANIFICATEUR 3D EN LIGNE\u00a0\u00bb color=\u00a0\u00bbwhite\u00a0\u00bb align=\u00a0\u00bbcenter\u00a0\u00bb link=\u00a0\u00bburl:https%3A%2F%2Fkuechenplaner.fust.ch%2F%3Fl%3Dfr||target:%20_blank|\u00a0\u00bb el_class=\u00a0\u00bbtop-link-btn btn1&Prime; css=\u00a0\u00bb.vc_custom_1575377152745{margin-top: 0px !important;}\u00a0\u00bb][\/vc_column][\/vc_row]<\/p>\n<\/div>","protected":false},"excerpt":{"rendered":"<p>[vc_row][vc_column][vc_column_text] Planificateur de cuisine 3D en ligne [\/vc_column_text][vc_single_image image=\u00a0\u00bb2119&Prime; img_size=\u00a0\u00bbfull\u00a0\u00bb alignment=\u00a0\u00bbcenter\u00a0\u00bb][vc_column_text el_class=\u00a0\u00bbonline_planner_content only_desktop\u00a0\u00bb]Le planificateur 3D gratuit vous permet de configurer facilement et rapidement la cuisine de vos r\u00eaves. Cr\u00e9ez un espace, d\u00e9finissez l\u2019emplacement des portes et des fen\u00eatres, puis agencez les meubles \u00e0 votre guise. D\u00e8s la planification, vous aurez une impression r\u00e9aliste de l\u2019espace [&#8230;]<\/p>\n<p><a class=\"btn btn-secondary understrap-read-more-link\" href=\"https:\/\/kuechen-baeder.fust.ch\/fr\/cuisines\/planificateuer-3d-en-ligne\/\">Lire la suite\u2026<\/a><\/p>\n","protected":false},"author":3,"featured_media":0,"parent":3079,"menu_order":0,"comment_status":"closed","ping_status":"closed","template":"","meta":{"_acf_changed":false,"footnotes":""},"class_list":["post-3067","page","type-page","status-publish","hentry"],"acf":[],"yoast_head":"<!-- This site is optimized with the Yoast SEO plugin v26.6 - https:\/\/yoast.com\/wordpress\/plugins\/seo\/ -->\n<title>Planifier sa cuisine - Planificateur 3D en ligne de Fust<\/title>\n<meta name=\"description\" content=\"Planificateur de cuisines: donnez vie \u00e0 la cuisine de vos r\u00eaves avec le planificateur de cuisine 3D en ligne. Simple, rapide et gratuit.\" \/>\n<meta name=\"robots\" content=\"index, follow, max-snippet:-1, max-image-preview:large, max-video-preview:-1\" \/>\n<link rel=\"canonical\" href=\"https:\/\/kuechen-baeder.fust.ch\/fr\/cuisines\/planificateuer-3d-en-ligne\/\" \/>\n<meta property=\"og:locale\" content=\"fr_FR\" \/>\n<meta property=\"og:type\" content=\"article\" \/>\n<meta property=\"og:title\" content=\"K\u00fcchenplaner - K\u00fcche visualisiern mit dem 3D Online-Planer\" \/>\n<meta property=\"og:description\" content=\"Raum anlegen, Fenster und T\u00fcren platzieren und M\u00f6bel einsetzen. Einfach &amp; kostenlos.\" \/>\n<meta property=\"og:url\" content=\"https:\/\/kuechen-baeder.fust.ch\/fr\/cuisines\/planificateuer-3d-en-ligne\/\" \/>\n<meta property=\"og:site_name\" content=\"Fust K\u00fcche\u22c5Bad\u22c5Bau\" \/>\n<meta property=\"article:modified_time\" content=\"2020-04-06T19:53:42+00:00\" \/>\n<meta name=\"twitter:card\" content=\"summary_large_image\" \/>\n<meta name=\"twitter:label1\" content=\"Dur\u00e9e de lecture estim\u00e9e\" \/>\n\t<meta name=\"twitter:data1\" content=\"1 minute\" \/>\n<script type=\"application\/ld+json\" class=\"yoast-schema-graph\">{\"@context\":\"https:\/\/schema.org\",\"@graph\":[{\"@type\":\"WebPage\",\"@id\":\"https:\/\/kuechen-baeder.fust.ch\/fr\/cuisines\/planificateuer-3d-en-ligne\/\",\"url\":\"https:\/\/kuechen-baeder.fust.ch\/fr\/cuisines\/planificateuer-3d-en-ligne\/\",\"name\":\"Planifier sa cuisine - Planificateur 3D en ligne de Fust\",\"isPartOf\":{\"@id\":\"https:\/\/kuechen-baeder.fust.ch\/fr\/#website\"},\"datePublished\":\"2019-04-23T18:55:08+00:00\",\"dateModified\":\"2020-04-06T19:53:42+00:00\",\"description\":\"Planificateur de cuisines: donnez vie \u00e0 la cuisine de vos r\u00eaves avec le planificateur de cuisine 3D en ligne. Simple, rapide et gratuit.\",\"breadcrumb\":{\"@id\":\"https:\/\/kuechen-baeder.fust.ch\/fr\/cuisines\/planificateuer-3d-en-ligne\/#breadcrumb\"},\"inLanguage\":\"fr-FR\",\"potentialAction\":[{\"@type\":\"ReadAction\",\"target\":[\"https:\/\/kuechen-baeder.fust.ch\/fr\/cuisines\/planificateuer-3d-en-ligne\/\"]}]},{\"@type\":\"BreadcrumbList\",\"@id\":\"https:\/\/kuechen-baeder.fust.ch\/fr\/cuisines\/planificateuer-3d-en-ligne\/#breadcrumb\",\"itemListElement\":[{\"@type\":\"ListItem\",\"position\":1,\"name\":\"Home\",\"item\":\"https:\/\/kuechen-baeder.fust.ch\/fr\/\"},{\"@type\":\"ListItem\",\"position\":2,\"name\":\"K\u00fcchen\",\"item\":\"https:\/\/kuechen-baeder.fust.ch\/fr\/cuisines\/\"},{\"@type\":\"ListItem\",\"position\":3,\"name\":\"3D Online-K\u00fcchenplaner\"}]},{\"@type\":\"WebSite\",\"@id\":\"https:\/\/kuechen-baeder.fust.ch\/fr\/#website\",\"url\":\"https:\/\/kuechen-baeder.fust.ch\/fr\/\",\"name\":\"Fust K\u00fcchen & B\u00e4der\",\"description\":\"Ihr Experte f\u00fcr K\u00fcche und Bad mit \u00fcber 40 Jahren Erfahrung und Studios schweizweit.\",\"publisher\":{\"@id\":\"https:\/\/kuechen-baeder.fust.ch\/fr\/#organization\"},\"potentialAction\":[{\"@type\":\"SearchAction\",\"target\":{\"@type\":\"EntryPoint\",\"urlTemplate\":\"https:\/\/kuechen-baeder.fust.ch\/fr\/?s={search_term_string}\"},\"query-input\":{\"@type\":\"PropertyValueSpecification\",\"valueRequired\":true,\"valueName\":\"search_term_string\"}}],\"inLanguage\":\"fr-FR\"},{\"@type\":\"Organization\",\"@id\":\"https:\/\/kuechen-baeder.fust.ch\/fr\/#organization\",\"name\":\"Fust K\u00fcchen & B\u00e4der\",\"url\":\"https:\/\/kuechen-baeder.fust.ch\/fr\/\",\"logo\":{\"@type\":\"ImageObject\",\"inLanguage\":\"fr-FR\",\"@id\":\"https:\/\/kuechen-baeder.fust.ch\/fr\/#\/schema\/logo\/image\/\",\"url\":\"https:\/\/kuechen-baeder.fust.ch\/wp-content\/uploads\/2025\/08\/cropped-Fust_KuechenBaeder-Fust_schwarz-orange_RGB-scaled-2.png\",\"contentUrl\":\"https:\/\/kuechen-baeder.fust.ch\/wp-content\/uploads\/2025\/08\/cropped-Fust_KuechenBaeder-Fust_schwarz-orange_RGB-scaled-2.png\",\"width\":2559,\"height\":1521,\"caption\":\"Fust K\u00fcchen & B\u00e4der\"},\"image\":{\"@id\":\"https:\/\/kuechen-baeder.fust.ch\/fr\/#\/schema\/logo\/image\/\"}}]}<\/script>\n<!-- \/ Yoast SEO plugin. -->","yoast_head_json":{"title":"Planifier sa cuisine - Planificateur 3D en ligne de Fust","description":"Planificateur de cuisines: donnez vie \u00e0 la cuisine de vos r\u00eaves avec le planificateur de cuisine 3D en ligne. Simple, rapide et gratuit.","robots":{"index":"index","follow":"follow","max-snippet":"max-snippet:-1","max-image-preview":"max-image-preview:large","max-video-preview":"max-video-preview:-1"},"canonical":"https:\/\/kuechen-baeder.fust.ch\/fr\/cuisines\/planificateuer-3d-en-ligne\/","og_locale":"fr_FR","og_type":"article","og_title":"K\u00fcchenplaner - K\u00fcche visualisiern mit dem 3D Online-Planer","og_description":"Raum anlegen, Fenster und T\u00fcren platzieren und M\u00f6bel einsetzen. Einfach & kostenlos.","og_url":"https:\/\/kuechen-baeder.fust.ch\/fr\/cuisines\/planificateuer-3d-en-ligne\/","og_site_name":"Fust K\u00fcche\u22c5Bad\u22c5Bau","article_modified_time":"2020-04-06T19:53:42+00:00","twitter_card":"summary_large_image","twitter_misc":{"Dur\u00e9e de lecture estim\u00e9e":"1 minute"},"schema":{"@context":"https:\/\/schema.org","@graph":[{"@type":"WebPage","@id":"https:\/\/kuechen-baeder.fust.ch\/fr\/cuisines\/planificateuer-3d-en-ligne\/","url":"https:\/\/kuechen-baeder.fust.ch\/fr\/cuisines\/planificateuer-3d-en-ligne\/","name":"Planifier sa cuisine - Planificateur 3D en ligne de Fust","isPartOf":{"@id":"https:\/\/kuechen-baeder.fust.ch\/fr\/#website"},"datePublished":"2019-04-23T18:55:08+00:00","dateModified":"2020-04-06T19:53:42+00:00","description":"Planificateur de cuisines: donnez vie \u00e0 la cuisine de vos r\u00eaves avec le planificateur de cuisine 3D en ligne. Simple, rapide et gratuit.","breadcrumb":{"@id":"https:\/\/kuechen-baeder.fust.ch\/fr\/cuisines\/planificateuer-3d-en-ligne\/#breadcrumb"},"inLanguage":"fr-FR","potentialAction":[{"@type":"ReadAction","target":["https:\/\/kuechen-baeder.fust.ch\/fr\/cuisines\/planificateuer-3d-en-ligne\/"]}]},{"@type":"BreadcrumbList","@id":"https:\/\/kuechen-baeder.fust.ch\/fr\/cuisines\/planificateuer-3d-en-ligne\/#breadcrumb","itemListElement":[{"@type":"ListItem","position":1,"name":"Home","item":"https:\/\/kuechen-baeder.fust.ch\/fr\/"},{"@type":"ListItem","position":2,"name":"K\u00fcchen","item":"https:\/\/kuechen-baeder.fust.ch\/fr\/cuisines\/"},{"@type":"ListItem","position":3,"name":"3D Online-K\u00fcchenplaner"}]},{"@type":"WebSite","@id":"https:\/\/kuechen-baeder.fust.ch\/fr\/#website","url":"https:\/\/kuechen-baeder.fust.ch\/fr\/","name":"Fust K\u00fcchen & B\u00e4der","description":"Ihr Experte f\u00fcr K\u00fcche und Bad mit \u00fcber 40 Jahren Erfahrung und Studios schweizweit.","publisher":{"@id":"https:\/\/kuechen-baeder.fust.ch\/fr\/#organization"},"potentialAction":[{"@type":"SearchAction","target":{"@type":"EntryPoint","urlTemplate":"https:\/\/kuechen-baeder.fust.ch\/fr\/?s={search_term_string}"},"query-input":{"@type":"PropertyValueSpecification","valueRequired":true,"valueName":"search_term_string"}}],"inLanguage":"fr-FR"},{"@type":"Organization","@id":"https:\/\/kuechen-baeder.fust.ch\/fr\/#organization","name":"Fust K\u00fcchen & B\u00e4der","url":"https:\/\/kuechen-baeder.fust.ch\/fr\/","logo":{"@type":"ImageObject","inLanguage":"fr-FR","@id":"https:\/\/kuechen-baeder.fust.ch\/fr\/#\/schema\/logo\/image\/","url":"https:\/\/kuechen-baeder.fust.ch\/wp-content\/uploads\/2025\/08\/cropped-Fust_KuechenBaeder-Fust_schwarz-orange_RGB-scaled-2.png","contentUrl":"https:\/\/kuechen-baeder.fust.ch\/wp-content\/uploads\/2025\/08\/cropped-Fust_KuechenBaeder-Fust_schwarz-orange_RGB-scaled-2.png","width":2559,"height":1521,"caption":"Fust K\u00fcchen & B\u00e4der"},"image":{"@id":"https:\/\/kuechen-baeder.fust.ch\/fr\/#\/schema\/logo\/image\/"}}]}},"_links":{"self":[{"href":"https:\/\/kuechen-baeder.fust.ch\/fr\/wp-json\/wp\/v2\/pages\/3067","targetHints":{"allow":["GET"]}}],"collection":[{"href":"https:\/\/kuechen-baeder.fust.ch\/fr\/wp-json\/wp\/v2\/pages"}],"about":[{"href":"https:\/\/kuechen-baeder.fust.ch\/fr\/wp-json\/wp\/v2\/types\/page"}],"author":[{"embeddable":true,"href":"https:\/\/kuechen-baeder.fust.ch\/fr\/wp-json\/wp\/v2\/users\/3"}],"replies":[{"embeddable":true,"href":"https:\/\/kuechen-baeder.fust.ch\/fr\/wp-json\/wp\/v2\/comments?post=3067"}],"version-history":[{"count":0,"href":"https:\/\/kuechen-baeder.fust.ch\/fr\/wp-json\/wp\/v2\/pages\/3067\/revisions"}],"up":[{"embeddable":true,"href":"https:\/\/kuechen-baeder.fust.ch\/fr\/wp-json\/wp\/v2\/pages\/3079"}],"wp:attachment":[{"href":"https:\/\/kuechen-baeder.fust.ch\/fr\/wp-json\/wp\/v2\/media?parent=3067"}],"curies":[{"name":"wp","href":"https:\/\/api.w.org\/{rel}","templated":true}]}}