{"id":6280,"date":"2020-04-06T13:17:41","date_gmt":"2020-04-06T11:17:41","guid":{"rendered":"https:\/\/kuechen-baeder.fust.ch\/?page_id=6280"},"modified":"2025-06-06T17:11:50","modified_gmt":"2025-06-06T15:11:50","slug":"catalogue-de-salles-de-bains","status":"publish","type":"page","link":"https:\/\/kuechen-baeder.fust.ch\/fr\/salles-de-bains\/catalogue-de-salles-de-bains\/","title":{"rendered":"Bad-Katalog"},"content":{"rendered":"<div class=\"wpb-content-wrapper\"><p>[vc_row][vc_column offset=\u00a0\u00bbvc_hidden-xs\u00a0\u00bb][vc_column_text]<\/p>\n<div id=\"online_planner\">\n<h1 style=\"text-align: center;\">Catalogue de salles de bains<\/h1>\n<\/div>\n<p>[\/vc_column_text][vc_column_text css=\u00a0\u00bb\u00a0\u00bb el_class=\u00a0\u00bbonline_planner_content\u00a0\u00bb]Vous planifiez la salle de bains de vos r\u00eaves? Le magazine de salle de bains Fust vous accompagne sur le chemin de votre nouvelle salle de bains bien-\u00eatre. D\u00e9couvrez les tendances actuelles, nos lignes de meubles du plus pratique au plus styl\u00e9, de nombreux accessoires ainsi que les appareils sanitaires de nos marques partenaires. Laissez-vous \u00e9galement inspirer par de v\u00e9ritables transformations avant-apr\u00e8s r\u00e9alis\u00e9es par des m\u00e9nages suisses.[\/vc_column_text][\/vc_column][vc_column offset=\u00a0\u00bbvc_hidden-lg vc_hidden-md vc_hidden-sm\u00a0\u00bb][vc_column_text]<\/p>\n<h1 style=\"text-align: center;\">Catalogue de salles de bains<\/h1>\n<p>[\/vc_column_text][\/vc_column][\/vc_row][vc_row][vc_column el_class=\u00a0\u00bbkatalog_im\u00a0\u00bb][vc_row_inner][vc_column_inner width=\u00a0\u00bb1\/2&Prime; offset=\u00a0\u00bbvc_hidden-lg vc_hidden-md vc_hidden-sm\u00a0\u00bb css=\u00a0\u00bb.vc_custom_1563820619693{padding-top: 0px !important;}\u00a0\u00bb][vc_column_text css=\u00a0\u00bb\u00a0\u00bb]Votre <strong>magazine de salles de bains<\/strong> personnel.[\/vc_column_text][vc_btn title=\u00a0\u00bbcommandez gratuitement\u00a0\u00bb color=\u00a0\u00bbwhite\u00a0\u00bb align=\u00a0\u00bbleft\u00a0\u00bb css=\u00a0\u00bb.vc_custom_1586192495230{margin-top: 0px !important;}\u00a0\u00bb link=\u00a0\u00bburl:%23|||\u00a0\u00bb el_class=\u00a0\u00bbtop-link-btn btn1 badezimmermagazin_pop\u00a0\u00bb][\/vc_column_inner][vc_column_inner width=\u00a0\u00bb1\/2&Prime;][vc_single_image image=\u00a0\u00bb37665&Prime; img_size=\u00a0\u00bbfull\u00a0\u00bb alignment=\u00a0\u00bbright\u00a0\u00bb css=\u00a0\u00bb\u00a0\u00bb][\/vc_column_inner][vc_column_inner width=\u00a0\u00bb1\/2&Prime; offset=\u00a0\u00bbvc_hidden-xs\u00a0\u00bb][vc_column_text css=\u00a0\u00bb.vc_custom_1586207696244{margin-top: 20px !important;margin-bottom: 0px !important;}\u00a0\u00bb]Votre <strong>magazine de salles de bains<\/strong> personnel.[\/vc_column_text][vc_btn title=\u00a0\u00bbcommandez gratuitement\u00a0\u00bb color=\u00a0\u00bbwhite\u00a0\u00bb align=\u00a0\u00bbleft\u00a0\u00bb css=\u00a0\u00bb.vc_custom_1586192543334{margin-top: 0px !important;}\u00a0\u00bb link=\u00a0\u00bburl:%23|||\u00a0\u00bb el_class=\u00a0\u00bbtop-link-btn btn1 badezimmermagazin_pop\u00a0\u00bb][\/vc_column_inner][\/vc_row_inner][\/vc_column][\/vc_row][vc_row][vc_column offset=\u00a0\u00bbvc_hidden-lg vc_hidden-md vc_hidden-sm\u00a0\u00bb][vc_column_text css=\u00a0\u00bb\u00a0\u00bb el_class=\u00a0\u00bbonline_planner_content\u00a0\u00bb]Vous planifiez la salle de bains de vos r\u00eaves? Le magazine de salle de bains Fust vous accompagne sur le chemin de votre nouvelle salle de bains bien-\u00eatre. D\u00e9couvrez les tendances actuelles, nos lignes de meubles du plus pratique au plus styl\u00e9, de nombreux accessoires ainsi que les appareils sanitaires de nos marques partenaires. Laissez-vous \u00e9galement inspirer par de v\u00e9ritables transformations avant-apr\u00e8s r\u00e9alis\u00e9es par des m\u00e9nages suisses.[\/vc_column_text][\/vc_column][\/vc_row]<\/p>\n<\/div>","protected":false},"excerpt":{"rendered":"<p>[vc_row][vc_column offset=\u00a0\u00bbvc_hidden-xs\u00a0\u00bb][vc_column_text] Catalogue de salles de bains [\/vc_column_text][vc_column_text css=\u00a0\u00bb\u00a0\u00bb el_class=\u00a0\u00bbonline_planner_content\u00a0\u00bb]Vous planifiez la salle de bains de vos r\u00eaves? Le magazine de salle de bains Fust vous accompagne sur le chemin de votre nouvelle salle de bains bien-\u00eatre. D\u00e9couvrez les tendances actuelles, nos lignes de meubles du plus pratique au plus styl\u00e9, de nombreux accessoires ainsi [&#8230;]<\/p>\n<p><a class=\"btn btn-secondary understrap-read-more-link\" href=\"https:\/\/kuechen-baeder.fust.ch\/fr\/salles-de-bains\/catalogue-de-salles-de-bains\/\">Lire la suite\u2026<\/a><\/p>\n","protected":false},"author":3,"featured_media":0,"parent":6263,"menu_order":0,"comment_status":"closed","ping_status":"closed","template":"","meta":{"_acf_changed":false,"footnotes":""},"class_list":["post-6280","page","type-page","status-publish","hentry"],"acf":[],"yoast_head":"<!-- This site is optimized with the Yoast SEO plugin v26.6 - https:\/\/yoast.com\/wordpress\/plugins\/seo\/ -->\n<title>Catalogue de salles de bains - Laissez-vous inspirer<\/title>\n<meta name=\"description\" content=\"Magazine de salles de bains Fust: Laissez-vous inspirer par les derni\u00e8res tendances et id\u00e9es d\u2019am\u00e9nagements. Commandez le gratuit maintenant!\" \/>\n<meta name=\"robots\" content=\"index, follow, max-snippet:-1, max-image-preview:large, max-video-preview:-1\" \/>\n<link rel=\"canonical\" href=\"https:\/\/kuechen-baeder.fust.ch\/fr\/salles-de-bains\/catalogue-de-salles-de-bains\/\" \/>\n<meta property=\"og:locale\" content=\"fr_FR\" \/>\n<meta property=\"og:type\" content=\"article\" \/>\n<meta property=\"og:title\" content=\"Catalogue de salles de bains - Laissez-vous inspirer\" \/>\n<meta property=\"og:description\" content=\"Magazine de salles de bains Fust: Laissez-vous inspirer par les derni\u00e8res tendances et id\u00e9es d\u2019am\u00e9nagements. Commandez le gratuit maintenant!\" \/>\n<meta property=\"og:url\" content=\"https:\/\/kuechen-baeder.fust.ch\/fr\/salles-de-bains\/catalogue-de-salles-de-bains\/\" \/>\n<meta property=\"og:site_name\" content=\"Fust K\u00fcche\u22c5Bad\u22c5Bau\" \/>\n<meta property=\"article:modified_time\" content=\"2025-06-06T15:11:50+00:00\" \/>\n<meta name=\"twitter:card\" content=\"summary_large_image\" \/>\n<meta name=\"twitter:label1\" content=\"Dur\u00e9e de lecture estim\u00e9e\" \/>\n\t<meta name=\"twitter:data1\" content=\"2 minutes\" \/>\n<script type=\"application\/ld+json\" class=\"yoast-schema-graph\">{\"@context\":\"https:\/\/schema.org\",\"@graph\":[{\"@type\":\"WebPage\",\"@id\":\"https:\/\/kuechen-baeder.fust.ch\/fr\/salles-de-bains\/catalogue-de-salles-de-bains\/\",\"url\":\"https:\/\/kuechen-baeder.fust.ch\/fr\/salles-de-bains\/catalogue-de-salles-de-bains\/\",\"name\":\"Catalogue de salles de bains - Laissez-vous inspirer\",\"isPartOf\":{\"@id\":\"https:\/\/kuechen-baeder.fust.ch\/fr\/#website\"},\"datePublished\":\"2020-04-06T11:17:41+00:00\",\"dateModified\":\"2025-06-06T15:11:50+00:00\",\"description\":\"Magazine de salles de bains Fust: Laissez-vous inspirer par les derni\u00e8res tendances et id\u00e9es d\u2019am\u00e9nagements. Commandez le gratuit maintenant!\",\"breadcrumb\":{\"@id\":\"https:\/\/kuechen-baeder.fust.ch\/fr\/salles-de-bains\/catalogue-de-salles-de-bains\/#breadcrumb\"},\"inLanguage\":\"fr-FR\",\"potentialAction\":[{\"@type\":\"ReadAction\",\"target\":[\"https:\/\/kuechen-baeder.fust.ch\/fr\/salles-de-bains\/catalogue-de-salles-de-bains\/\"]}]},{\"@type\":\"BreadcrumbList\",\"@id\":\"https:\/\/kuechen-baeder.fust.ch\/fr\/salles-de-bains\/catalogue-de-salles-de-bains\/#breadcrumb\",\"itemListElement\":[{\"@type\":\"ListItem\",\"position\":1,\"name\":\"Home\",\"item\":\"https:\/\/kuechen-baeder.fust.ch\/fr\/\"},{\"@type\":\"ListItem\",\"position\":2,\"name\":\"Badezimmer\",\"item\":\"https:\/\/kuechen-baeder.fust.ch\/fr\/salles-de-bains\/\"},{\"@type\":\"ListItem\",\"position\":3,\"name\":\"Bad-Katalog\"}]},{\"@type\":\"WebSite\",\"@id\":\"https:\/\/kuechen-baeder.fust.ch\/fr\/#website\",\"url\":\"https:\/\/kuechen-baeder.fust.ch\/fr\/\",\"name\":\"Fust K\u00fcchen & B\u00e4der\",\"description\":\"Ihr Experte f\u00fcr K\u00fcche und Bad mit \u00fcber 40 Jahren Erfahrung und Studios schweizweit.\",\"publisher\":{\"@id\":\"https:\/\/kuechen-baeder.fust.ch\/fr\/#organization\"},\"potentialAction\":[{\"@type\":\"SearchAction\",\"target\":{\"@type\":\"EntryPoint\",\"urlTemplate\":\"https:\/\/kuechen-baeder.fust.ch\/fr\/?s={search_term_string}\"},\"query-input\":{\"@type\":\"PropertyValueSpecification\",\"valueRequired\":true,\"valueName\":\"search_term_string\"}}],\"inLanguage\":\"fr-FR\"},{\"@type\":\"Organization\",\"@id\":\"https:\/\/kuechen-baeder.fust.ch\/fr\/#organization\",\"name\":\"Fust K\u00fcchen & B\u00e4der\",\"url\":\"https:\/\/kuechen-baeder.fust.ch\/fr\/\",\"logo\":{\"@type\":\"ImageObject\",\"inLanguage\":\"fr-FR\",\"@id\":\"https:\/\/kuechen-baeder.fust.ch\/fr\/#\/schema\/logo\/image\/\",\"url\":\"https:\/\/kuechen-baeder.fust.ch\/wp-content\/uploads\/2025\/08\/cropped-Fust_KuechenBaeder-Fust_schwarz-orange_RGB-scaled-2.png\",\"contentUrl\":\"https:\/\/kuechen-baeder.fust.ch\/wp-content\/uploads\/2025\/08\/cropped-Fust_KuechenBaeder-Fust_schwarz-orange_RGB-scaled-2.png\",\"width\":2559,\"height\":1521,\"caption\":\"Fust K\u00fcchen & B\u00e4der\"},\"image\":{\"@id\":\"https:\/\/kuechen-baeder.fust.ch\/fr\/#\/schema\/logo\/image\/\"}}]}<\/script>\n<!-- \/ Yoast SEO plugin. -->","yoast_head_json":{"title":"Catalogue de salles de bains - Laissez-vous inspirer","description":"Magazine de salles de bains Fust: Laissez-vous inspirer par les derni\u00e8res tendances et id\u00e9es d\u2019am\u00e9nagements. Commandez le gratuit maintenant!","robots":{"index":"index","follow":"follow","max-snippet":"max-snippet:-1","max-image-preview":"max-image-preview:large","max-video-preview":"max-video-preview:-1"},"canonical":"https:\/\/kuechen-baeder.fust.ch\/fr\/salles-de-bains\/catalogue-de-salles-de-bains\/","og_locale":"fr_FR","og_type":"article","og_title":"Catalogue de salles de bains - Laissez-vous inspirer","og_description":"Magazine de salles de bains Fust: Laissez-vous inspirer par les derni\u00e8res tendances et id\u00e9es d\u2019am\u00e9nagements. Commandez le gratuit maintenant!","og_url":"https:\/\/kuechen-baeder.fust.ch\/fr\/salles-de-bains\/catalogue-de-salles-de-bains\/","og_site_name":"Fust K\u00fcche\u22c5Bad\u22c5Bau","article_modified_time":"2025-06-06T15:11:50+00:00","twitter_card":"summary_large_image","twitter_misc":{"Dur\u00e9e de lecture estim\u00e9e":"2 minutes"},"schema":{"@context":"https:\/\/schema.org","@graph":[{"@type":"WebPage","@id":"https:\/\/kuechen-baeder.fust.ch\/fr\/salles-de-bains\/catalogue-de-salles-de-bains\/","url":"https:\/\/kuechen-baeder.fust.ch\/fr\/salles-de-bains\/catalogue-de-salles-de-bains\/","name":"Catalogue de salles de bains - Laissez-vous inspirer","isPartOf":{"@id":"https:\/\/kuechen-baeder.fust.ch\/fr\/#website"},"datePublished":"2020-04-06T11:17:41+00:00","dateModified":"2025-06-06T15:11:50+00:00","description":"Magazine de salles de bains Fust: Laissez-vous inspirer par les derni\u00e8res tendances et id\u00e9es d\u2019am\u00e9nagements. Commandez le gratuit maintenant!","breadcrumb":{"@id":"https:\/\/kuechen-baeder.fust.ch\/fr\/salles-de-bains\/catalogue-de-salles-de-bains\/#breadcrumb"},"inLanguage":"fr-FR","potentialAction":[{"@type":"ReadAction","target":["https:\/\/kuechen-baeder.fust.ch\/fr\/salles-de-bains\/catalogue-de-salles-de-bains\/"]}]},{"@type":"BreadcrumbList","@id":"https:\/\/kuechen-baeder.fust.ch\/fr\/salles-de-bains\/catalogue-de-salles-de-bains\/#breadcrumb","itemListElement":[{"@type":"ListItem","position":1,"name":"Home","item":"https:\/\/kuechen-baeder.fust.ch\/fr\/"},{"@type":"ListItem","position":2,"name":"Badezimmer","item":"https:\/\/kuechen-baeder.fust.ch\/fr\/salles-de-bains\/"},{"@type":"ListItem","position":3,"name":"Bad-Katalog"}]},{"@type":"WebSite","@id":"https:\/\/kuechen-baeder.fust.ch\/fr\/#website","url":"https:\/\/kuechen-baeder.fust.ch\/fr\/","name":"Fust K\u00fcchen & B\u00e4der","description":"Ihr Experte f\u00fcr K\u00fcche und Bad mit \u00fcber 40 Jahren Erfahrung und Studios schweizweit.","publisher":{"@id":"https:\/\/kuechen-baeder.fust.ch\/fr\/#organization"},"potentialAction":[{"@type":"SearchAction","target":{"@type":"EntryPoint","urlTemplate":"https:\/\/kuechen-baeder.fust.ch\/fr\/?s={search_term_string}"},"query-input":{"@type":"PropertyValueSpecification","valueRequired":true,"valueName":"search_term_string"}}],"inLanguage":"fr-FR"},{"@type":"Organization","@id":"https:\/\/kuechen-baeder.fust.ch\/fr\/#organization","name":"Fust K\u00fcchen & B\u00e4der","url":"https:\/\/kuechen-baeder.fust.ch\/fr\/","logo":{"@type":"ImageObject","inLanguage":"fr-FR","@id":"https:\/\/kuechen-baeder.fust.ch\/fr\/#\/schema\/logo\/image\/","url":"https:\/\/kuechen-baeder.fust.ch\/wp-content\/uploads\/2025\/08\/cropped-Fust_KuechenBaeder-Fust_schwarz-orange_RGB-scaled-2.png","contentUrl":"https:\/\/kuechen-baeder.fust.ch\/wp-content\/uploads\/2025\/08\/cropped-Fust_KuechenBaeder-Fust_schwarz-orange_RGB-scaled-2.png","width":2559,"height":1521,"caption":"Fust K\u00fcchen & B\u00e4der"},"image":{"@id":"https:\/\/kuechen-baeder.fust.ch\/fr\/#\/schema\/logo\/image\/"}}]}},"_links":{"self":[{"href":"https:\/\/kuechen-baeder.fust.ch\/fr\/wp-json\/wp\/v2\/pages\/6280","targetHints":{"allow":["GET"]}}],"collection":[{"href":"https:\/\/kuechen-baeder.fust.ch\/fr\/wp-json\/wp\/v2\/pages"}],"about":[{"href":"https:\/\/kuechen-baeder.fust.ch\/fr\/wp-json\/wp\/v2\/types\/page"}],"author":[{"embeddable":true,"href":"https:\/\/kuechen-baeder.fust.ch\/fr\/wp-json\/wp\/v2\/users\/3"}],"replies":[{"embeddable":true,"href":"https:\/\/kuechen-baeder.fust.ch\/fr\/wp-json\/wp\/v2\/comments?post=6280"}],"version-history":[{"count":4,"href":"https:\/\/kuechen-baeder.fust.ch\/fr\/wp-json\/wp\/v2\/pages\/6280\/revisions"}],"predecessor-version":[{"id":37722,"href":"https:\/\/kuechen-baeder.fust.ch\/fr\/wp-json\/wp\/v2\/pages\/6280\/revisions\/37722"}],"up":[{"embeddable":true,"href":"https:\/\/kuechen-baeder.fust.ch\/fr\/wp-json\/wp\/v2\/pages\/6263"}],"wp:attachment":[{"href":"https:\/\/kuechen-baeder.fust.ch\/fr\/wp-json\/wp\/v2\/media?parent=6280"}],"curies":[{"name":"wp","href":"https:\/\/api.w.org\/{rel}","templated":true}]}}