{"id":24088,"date":"2023-12-22T15:03:14","date_gmt":"2023-12-22T13:03:14","guid":{"rendered":"https:\/\/kuechen-baeder.fust.ch\/?page_id=24088"},"modified":"2025-12-23T14:17:39","modified_gmt":"2025-12-23T12:17:39","slug":"buoni","status":"publish","type":"page","link":"https:\/\/kuechen-baeder.fust.ch\/it\/bagni\/buoni\/","title":{"rendered":"Buoni &#8211; Bagno"},"content":{"rendered":"<div class=\"wpb-content-wrapper\"><p>[vc_row full_width=&#8221;stretch_row_content&#8221; equal_height=&#8221;yes&#8221; bg_type=&#8221;image&#8221; parallax_style=&#8221;vcpb-default&#8221; bg_image_new=&#8221;id^3879|url^https:\/\/kuechen-baeder.fust.ch\/wp-content\/uploads\/2019\/04\/Klassische-K\u00fcche-SOLID-C-VALAIS.jpg|caption^null|alt^null|title^Klassische-K\u00fcche-SOLID-C-VALAIS|description^null&#8221; bg_image_repeat=&#8221;no-repeat&#8221; css=&#8221;.vc_custom_1716807498877{background-position: center !important;background-repeat: no-repeat !important;background-size: cover !important;}&#8221; el_class=&#8221;back_m form_area&#8221;][vc_column css=&#8221;.vc_custom_1698846820852{background-color: #f8f8f8 !important;}&#8221;][vc_single_image image=&#8221;38053&#8243; img_size=&#8221;1140&#215;500&#8243; alignment=&#8221;center&#8221; css=&#8221;&#8221;][vc_row_inner][vc_column_inner width=&#8221;1\/6&#8243;][\/vc_column_inner][vc_column_inner el_class=&#8221;cf_gt&#8221; width=&#8221;2\/3&#8243;][vc_custom_heading text=&#8221;Scarica subito il buono!**&#8221; font_container=&#8221;tag:h3|text_align:center&#8221; use_theme_fonts=&#8221;yes&#8221; css=&#8221;.vc_custom_1755768640879{margin-bottom: 30px !important;}&#8221;]\n<div class=\"wpcf7 no-js\" id=\"wpcf7-f25371-o1\" lang=\"it-IT\" dir=\"ltr\" data-wpcf7-id=\"25371\">\n<div class=\"screen-reader-response\"><p role=\"status\" aria-live=\"polite\" aria-atomic=\"true\"><\/p> <ul><\/ul><\/div>\n<form action=\"\/it\/wp-json\/wp\/v2\/pages\/24088#wpcf7-f25371-o1\" method=\"post\" class=\"wpcf7-form init\" aria-label=\"Modulo di contatto\" novalidate=\"novalidate\" data-status=\"init\">\n<fieldset class=\"hidden-fields-container\"><input type=\"hidden\" name=\"_wpcf7\" value=\"25371\" \/><input type=\"hidden\" name=\"_wpcf7_version\" value=\"6.1.5\" \/><input type=\"hidden\" name=\"_wpcf7_locale\" value=\"it_IT\" \/><input type=\"hidden\" name=\"_wpcf7_unit_tag\" value=\"wpcf7-f25371-o1\" \/><input type=\"hidden\" name=\"_wpcf7_container_post\" value=\"0\" \/><input type=\"hidden\" name=\"_wpcf7_posted_data_hash\" value=\"\" \/><input type=\"hidden\" name=\"_wpcf7cf_hidden_group_fields\" value=\"[]\" \/><input type=\"hidden\" name=\"_wpcf7cf_hidden_groups\" value=\"[]\" \/><input type=\"hidden\" name=\"_wpcf7cf_visible_groups\" value=\"[]\" \/><input type=\"hidden\" name=\"_wpcf7cf_repeaters\" value=\"[]\" \/><input type=\"hidden\" name=\"_wpcf7cf_steps\" value=\"{}\" \/><input type=\"hidden\" name=\"_wpcf7cf_options\" value=\"{&quot;form_id&quot;:25371,&quot;conditions&quot;:[],&quot;settings&quot;:{&quot;animation&quot;:&quot;yes&quot;,&quot;animation_intime&quot;:200,&quot;animation_outtime&quot;:200,&quot;conditions_ui&quot;:&quot;normal&quot;,&quot;notice_dismissed&quot;:false}}\" \/><input type=\"hidden\" name=\"_wpcf7_recaptcha_response\" value=\"\" \/>\n<\/fieldset>\n<div class=\"line\" >\n\t<div class=\"square1\">\n\t\t<p><label for=\"\">Cognome<\/label>\n\t\t<\/p>\n\t<\/div>\n\t<div class=\"square2\">\n\t\t<p><span class=\"wpcf7-form-control-wrap\" data-name=\"vorname\"><input size=\"40\" maxlength=\"400\" class=\"wpcf7-form-control wpcf7-text wpcf7-validates-as-required form-control\" aria-required=\"true\" aria-invalid=\"false\" value=\"\" type=\"text\" name=\"vorname\" \/><\/span>\n\t\t<\/p>\n\t<\/div>\n<\/div>\n<div class=\"line\">\n\t<div class=\"square1\">\n\t\t<p><label for=\"\">Nome<\/label>\n\t\t<\/p>\n\t<\/div>\n\t<div class=\"square2\">\n\t\t<p><span class=\"wpcf7-form-control-wrap\" data-name=\"nachname\"><input size=\"40\" maxlength=\"400\" class=\"wpcf7-form-control wpcf7-text wpcf7-validates-as-required required form-control\" aria-required=\"true\" aria-invalid=\"false\" value=\"\" type=\"text\" name=\"nachname\" \/><\/span>\n\t\t<\/p>\n\t<\/div>\n<\/div>\n<div class=\"line\">\n\t<div class=\"square1\">\n\t\t<p><label for=\"\">NPA\/citt\u00e0<\/label>\n\t\t<\/p>\n\t<\/div>\n\t<div class=\"square2\">\n\t\t<div class=\"square3\">\n\t\t\t<p><span class=\"wpcf7-form-control-wrap\" data-name=\"plz\"><input size=\"40\" maxlength=\"4\" class=\"wpcf7-form-control wpcf7-text wpcf7-validates-as-required required form-control\" aria-required=\"true\" aria-invalid=\"false\" value=\"\" type=\"text\" name=\"plz\" \/><\/span>\n\t\t\t<\/p>\n\t\t<\/div>\n\t\t<div class=\"square2\">\n\t\t\t<p><span class=\"wpcf7-form-control-wrap\" data-name=\"ort\"><input size=\"40\" maxlength=\"400\" class=\"wpcf7-form-control wpcf7-text wpcf7-validates-as-required required form-control\" aria-required=\"true\" aria-invalid=\"false\" value=\"\" type=\"text\" name=\"ort\" \/><\/span>\n\t\t\t<\/p>\n\t\t<\/div>\n\t<\/div>\n<\/div>\n<div class=\"line\">\n\t<div class=\"square1\">\n\t\t<p><label for=\"\">Telefono<\/label>\n\t\t<\/p>\n\t<\/div>\n\t<div class=\"square2\">\n\t\t<p><span class=\"wpcf7-form-control-wrap\" data-name=\"telefon\"><input size=\"40\" maxlength=\"400\" class=\"wpcf7-form-control wpcf7-tel wpcf7-validates-as-required wpcf7-text wpcf7-validates-as-tel required form-control\" aria-required=\"true\" aria-invalid=\"false\" value=\"\" type=\"tel\" name=\"telefon\" \/><\/span>\n\t\t<\/p>\n\t<\/div>\n<\/div>\n<div class=\"line\">\n\t<div class=\"square1\">\n\t\t<p><label for=\"\">E-Mail<\/label>\n\t\t<\/p>\n\t<\/div>\n\t<div class=\"square2\">\n\t\t<p><span class=\"wpcf7-form-control-wrap\" data-name=\"email\"><input size=\"40\" maxlength=\"400\" class=\"wpcf7-form-control wpcf7-email wpcf7-validates-as-required wpcf7-text wpcf7-validates-as-email required form-control\" aria-required=\"true\" aria-invalid=\"false\" value=\"\" type=\"email\" name=\"email\" \/><\/span>\n\t\t<\/p>\n\t<\/div>\n<\/div>\n<div class=\"line\">\n\t<div class=\"square1\">\n\t\t<p><label for=\"\"><\/label>\n\t\t<\/p>\n\t<\/div>\n\t<div class=\"square2\" style=\"height:auto;\">\n\t\t<p><span class=\"wpcf7-form-control-wrap\" data-name=\"math-quiz\"><label><span class=\"wpcf7-quiz-label\">2+4=?<\/span> <input size=\"40\" class=\"wpcf7-form-control wpcf7-quiz\" autocomplete=\"off\" aria-required=\"true\" aria-invalid=\"false\" type=\"text\" name=\"math-quiz\" \/><\/label><input type=\"hidden\" name=\"_wpcf7_quiz_answer_math-quiz\" value=\"0af960596464932e726971c29921659d\" \/><\/span>\n\t\t<\/p>\n\t<\/div>\n<\/div>\n<div class=\"line datenschutz\">\n\t<div class=\"square1\">\n\t<input class=\"wpcf7-form-control wpcf7-hidden\" value=\"\/download\/38085\/?tmstv=1766492645\" type=\"hidden\" name=\"download_link\" \/>\n\t<\/div>\n\t<div class=\"square2 full_w_btn\">\n\t\t<p><input class=\"wpcf7-form-control wpcf7-submit has-spinner modal-submit-button\" type=\"submit\" value=\"SCARCIA IL BUONO\" \/>\n\t\t<\/p>\n\t<\/div>\n<\/div>\n<div class=\"line\">\n\t<div class='formnote'>\n\t\t<p><a href=\"https:\/\/www.coop.ch\/it\/azienda\/protezione-dei-dati\/fust.html\" target=\"_blank\">Protezione dei dati<\/a>\n\t\t<\/p>\n\t<\/div>\n<\/div><input type='hidden' class='wpcf7-pum' value='{\"closepopup\":false,\"closedelay\":0,\"openpopup\":false,\"openpopup_id\":0}' \/><div class=\"wpcf7-response-output\" aria-hidden=\"true\"><\/div>\n<\/form>\n<\/div>\n[\/vc_column_inner][vc_column_inner width=&#8221;1\/6&#8243;][\/vc_column_inner][\/vc_row_inner][\/vc_column][\/vc_row][vc_row full_width=&#8221;stretch_row_content&#8221; equal_height=&#8221;yes&#8221; bg_type=&#8221;image&#8221; parallax_style=&#8221;vcpb-default&#8221; bg_image_new=&#8221;id^3879|url^https:\/\/kuechen-baeder.fust.ch\/wp-content\/uploads\/2019\/04\/Klassische-K\u00fcche-SOLID-C-VALAIS.jpg|caption^null|alt^null|title^Klassische-K\u00fcche-SOLID-C-VALAIS|description^null&#8221; bg_image_repeat=&#8221;no-repeat&#8221; css=&#8221;.vc_custom_1716807498877{background-position: center !important;background-repeat: no-repeat !important;background-size: cover !important;}&#8221; el_class=&#8221;back_m form_area&#8221;][vc_column css=&#8221;.vc_custom_1698846820852{background-color: #f8f8f8 !important;}&#8221;][vc_row_inner][vc_column_inner width=&#8221;1\/6&#8243;][\/vc_column_inner][vc_column_inner el_class=&#8221;cf_gt&#8221; width=&#8221;2\/3&#8243;][vc_column_text css=&#8221;&#8221;]<\/p>\n<p class=\"p1\" style=\"text-align: center;\"><span style=\"font-size: 14px;\">**Valido per ordini a partire da fr. 10&#8217;000.- | Non cumulabile | Max. 1 buono per lavoro |<br \/>\nOfferta valido con data di ordinazione dal <span data-sheets-root=\"1\">27.12.2025 \u2013 23.02.2026<\/span><\/span><\/p>\n<p>[\/vc_column_text][\/vc_column_inner][vc_column_inner width=&#8221;1\/6&#8243;][\/vc_column_inner][\/vc_row_inner][\/vc_column][\/vc_row][vc_row][vc_column]<div class=\"ult-spacer spacer-69d29c88b5ebe\" data-id=\"69d29c88b5ebe\" data-height=\"30\" data-height-mobile=\"30\" data-height-tab=\"\" data-height-tab-portrait=\"\" data-height-mobile-landscape=\"30\" style=\"clear:both;display:block;\"><\/div>[\/vc_column][\/vc_row]<\/p>\n<\/div>","protected":false},"excerpt":{"rendered":"<p>[vc_row full_width=&#8221;stretch_row_content&#8221; equal_height=&#8221;yes&#8221; bg_type=&#8221;image&#8221; parallax_style=&#8221;vcpb-default&#8221; bg_image_new=&#8221;id^3879|url^https:\/\/kuechen-baeder.fust.ch\/wp-content\/uploads\/2019\/04\/Klassische-K\u00fcche-SOLID-C-VALAIS.jpg|caption^null|alt^null|title^Klassische-K\u00fcche-SOLID-C-VALAIS|description^null&#8221; bg_image_repeat=&#8221;no-repeat&#8221; css=&#8221;.vc_custom_1716807498877{background-position: center !important;background-repeat: no-repeat !important;background-size: cover !important;}&#8221; el_class=&#8221;back_m form_area&#8221;][vc_column css=&#8221;.vc_custom_1698846820852{background-color: #f8f8f8 !important;}&#8221;][vc_single_image image=&#8221;38053&#8243; img_size=&#8221;1140&#215;500&#8243; alignment=&#8221;center&#8221; css=&#8221;&#8221;][vc_row_inner][vc_column_inner width=&#8221;1\/6&#8243;][\/vc_column_inner][vc_column_inner el_class=&#8221;cf_gt&#8221; width=&#8221;2\/3&#8243;][vc_custom_heading text=&#8221;Scarica subito il buono!**&#8221; font_container=&#8221;tag:h3|text_align:center&#8221; use_theme_fonts=&#8221;yes&#8221; css=&#8221;.vc_custom_1755768640879{margin-bottom: 30px !important;}&#8221;][\/vc_column_inner][vc_column_inner width=&#8221;1\/6&#8243;][\/vc_column_inner][\/vc_row_inner][\/vc_column][\/vc_row][vc_row full_width=&#8221;stretch_row_content&#8221; equal_height=&#8221;yes&#8221; bg_type=&#8221;image&#8221; parallax_style=&#8221;vcpb-default&#8221; bg_image_new=&#8221;id^3879|url^https:\/\/kuechen-baeder.fust.ch\/wp-content\/uploads\/2019\/04\/Klassische-K\u00fcche-SOLID-C-VALAIS.jpg|caption^null|alt^null|title^Klassische-K\u00fcche-SOLID-C-VALAIS|description^null&#8221; bg_image_repeat=&#8221;no-repeat&#8221; css=&#8221;.vc_custom_1716807498877{background-position: center !important;background-repeat: no-repeat !important;background-size: cover !important;}&#8221; el_class=&#8221;back_m form_area&#8221;][vc_column css=&#8221;.vc_custom_1698846820852{background-color: #f8f8f8 !important;}&#8221;][vc_row_inner][vc_column_inner width=&#8221;1\/6&#8243;][\/vc_column_inner][vc_column_inner [&#8230;]<\/p>\n<p><a class=\"btn btn-secondary understrap-read-more-link\" href=\"https:\/\/kuechen-baeder.fust.ch\/it\/bagni\/buoni\/\">Leggi di pi\u00f9&#8230;<\/a><\/p>\n","protected":false},"author":3,"featured_media":0,"parent":6266,"menu_order":0,"comment_status":"closed","ping_status":"closed","template":"","meta":{"_acf_changed":false,"footnotes":""},"class_list":["post-24088","page","type-page","status-publish","hentry"],"acf":[],"yoast_head":"<!-- This site is optimized with the Yoast SEO plugin v26.6 - https:\/\/yoast.com\/wordpress\/plugins\/seo\/ -->\n<title>Buoni - Bagno - Fust K\u00fcche\u22c5Bad\u22c5Bau<\/title>\n<meta name=\"robots\" content=\"index, follow, max-snippet:-1, max-image-preview:large, max-video-preview:-1\" \/>\n<link rel=\"canonical\" href=\"https:\/\/kuechen-baeder.fust.ch\/it\/bagni\/buoni\/\" \/>\n<meta property=\"og:locale\" content=\"it_IT\" \/>\n<meta property=\"og:type\" content=\"article\" \/>\n<meta property=\"og:title\" content=\"Buoni - Bagno - Fust K\u00fcche\u22c5Bad\u22c5Bau\" \/>\n<meta property=\"og:description\" content=\"[vc_row full_width=&#8221;stretch_row_content&#8221; equal_height=&#8221;yes&#8221; bg_type=&#8221;image&#8221; parallax_style=&#8221;vcpb-default&#8221; bg_image_new=&#8221;id^3879|url^https:\/\/kuechen-baeder.fust.ch\/wp-content\/uploads\/2019\/04\/Klassische-K\u00fcche-SOLID-C-VALAIS.jpg|caption^null|alt^null|title^Klassische-K\u00fcche-SOLID-C-VALAIS|description^null&#8221; bg_image_repeat=&#8221;no-repeat&#8221; css=&#8221;.vc_custom_1716807498877{background-position: center !important;background-repeat: no-repeat !important;background-size: cover !important;}&#8221; el_class=&#8221;back_m form_area&#8221;][vc_column css=&#8221;.vc_custom_1698846820852{background-color: #f8f8f8 !important;}&#8221;][vc_single_image image=&#8221;38053&#8243; img_size=&#8221;1140&#215;500&#8243; alignment=&#8221;center&#8221; css=&#8221;&#8221;][vc_row_inner][vc_column_inner width=&#8221;1\/6&#8243;][\/vc_column_inner][vc_column_inner el_class=&#8221;cf_gt&#8221; width=&#8221;2\/3&#8243;][vc_custom_heading text=&#8221;Scarica subito il buono!**&#8221; font_container=&#8221;tag:h3|text_align:center&#8221; use_theme_fonts=&#8221;yes&#8221; css=&#8221;.vc_custom_1755768640879{margin-bottom: 30px !important;}&#8221;][\/vc_column_inner][vc_column_inner width=&#8221;1\/6&#8243;][\/vc_column_inner][\/vc_row_inner][\/vc_column][\/vc_row][vc_row full_width=&#8221;stretch_row_content&#8221; equal_height=&#8221;yes&#8221; bg_type=&#8221;image&#8221; parallax_style=&#8221;vcpb-default&#8221; bg_image_new=&#8221;id^3879|url^https:\/\/kuechen-baeder.fust.ch\/wp-content\/uploads\/2019\/04\/Klassische-K\u00fcche-SOLID-C-VALAIS.jpg|caption^null|alt^null|title^Klassische-K\u00fcche-SOLID-C-VALAIS|description^null&#8221; bg_image_repeat=&#8221;no-repeat&#8221; css=&#8221;.vc_custom_1716807498877{background-position: center !important;background-repeat: no-repeat !important;background-size: cover !important;}&#8221; el_class=&#8221;back_m form_area&#8221;][vc_column css=&#8221;.vc_custom_1698846820852{background-color: #f8f8f8 !important;}&#8221;][vc_row_inner][vc_column_inner width=&#8221;1\/6&#8243;][\/vc_column_inner][vc_column_inner [...]Leggi di pi\u00f9...\" \/>\n<meta property=\"og:url\" content=\"https:\/\/kuechen-baeder.fust.ch\/it\/bagni\/buoni\/\" \/>\n<meta property=\"og:site_name\" content=\"Fust K\u00fcche\u22c5Bad\u22c5Bau\" \/>\n<meta property=\"article:modified_time\" content=\"2025-12-23T12:17:39+00:00\" \/>\n<meta name=\"twitter:card\" content=\"summary_large_image\" \/>\n<meta name=\"twitter:label1\" content=\"Tempo di lettura stimato\" \/>\n\t<meta name=\"twitter:data1\" content=\"1 minuto\" \/>\n<script type=\"application\/ld+json\" class=\"yoast-schema-graph\">{\"@context\":\"https:\/\/schema.org\",\"@graph\":[{\"@type\":\"WebPage\",\"@id\":\"https:\/\/kuechen-baeder.fust.ch\/it\/bagni\/buoni\/\",\"url\":\"https:\/\/kuechen-baeder.fust.ch\/it\/bagni\/buoni\/\",\"name\":\"Buoni - Bagno - Fust K\u00fcche\u22c5Bad\u22c5Bau\",\"isPartOf\":{\"@id\":\"https:\/\/kuechen-baeder.fust.ch\/#website\"},\"datePublished\":\"2023-12-22T13:03:14+00:00\",\"dateModified\":\"2025-12-23T12:17:39+00:00\",\"breadcrumb\":{\"@id\":\"https:\/\/kuechen-baeder.fust.ch\/it\/bagni\/buoni\/#breadcrumb\"},\"inLanguage\":\"it-IT\",\"potentialAction\":[{\"@type\":\"ReadAction\",\"target\":[\"https:\/\/kuechen-baeder.fust.ch\/it\/bagni\/buoni\/\"]}]},{\"@type\":\"BreadcrumbList\",\"@id\":\"https:\/\/kuechen-baeder.fust.ch\/it\/bagni\/buoni\/#breadcrumb\",\"itemListElement\":[{\"@type\":\"ListItem\",\"position\":1,\"name\":\"Home\",\"item\":\"https:\/\/kuechen-baeder.fust.ch\/it\/\"},{\"@type\":\"ListItem\",\"position\":2,\"name\":\"Badezimmer\",\"item\":\"https:\/\/kuechen-baeder.fust.ch\/it\/bagni\/\"},{\"@type\":\"ListItem\",\"position\":3,\"name\":\"Buoni &#8211; Bagno\"}]},{\"@type\":\"WebSite\",\"@id\":\"https:\/\/kuechen-baeder.fust.ch\/#website\",\"url\":\"https:\/\/kuechen-baeder.fust.ch\/\",\"name\":\"Fust K\u00fcche\u22c5Bad\u22c5Bau\",\"description\":\"Ihr Experte f\u00fcr K\u00fcche und Bad mit \u00fcber 40 Jahren Erfahrung und Studios schweizweit.\",\"publisher\":{\"@id\":\"https:\/\/kuechen-baeder.fust.ch\/#organization\"},\"potentialAction\":[{\"@type\":\"SearchAction\",\"target\":{\"@type\":\"EntryPoint\",\"urlTemplate\":\"https:\/\/kuechen-baeder.fust.ch\/?s={search_term_string}\"},\"query-input\":{\"@type\":\"PropertyValueSpecification\",\"valueRequired\":true,\"valueName\":\"search_term_string\"}}],\"inLanguage\":\"it-IT\"},{\"@type\":\"Organization\",\"@id\":\"https:\/\/kuechen-baeder.fust.ch\/#organization\",\"name\":\"Fust K\u00fcche\u22c5Bad\u22c5Bau\",\"url\":\"https:\/\/kuechen-baeder.fust.ch\/\",\"logo\":{\"@type\":\"ImageObject\",\"inLanguage\":\"it-IT\",\"@id\":\"https:\/\/kuechen-baeder.fust.ch\/#\/schema\/logo\/image\/\",\"url\":\"https:\/\/kuechen-baeder.fust.ch\/wp-content\/uploads\/2025\/08\/cropped-Fust_KuechenBaeder-Fust_schwarz-orange_RGB-scaled-1.png\",\"contentUrl\":\"https:\/\/kuechen-baeder.fust.ch\/wp-content\/uploads\/2025\/08\/cropped-Fust_KuechenBaeder-Fust_schwarz-orange_RGB-scaled-1.png\",\"width\":2560,\"height\":1520,\"caption\":\"Fust K\u00fcche\u22c5Bad\u22c5Bau\"},\"image\":{\"@id\":\"https:\/\/kuechen-baeder.fust.ch\/#\/schema\/logo\/image\/\"}}]}<\/script>\n<!-- \/ Yoast SEO plugin. -->","yoast_head_json":{"title":"Buoni - Bagno - Fust K\u00fcche\u22c5Bad\u22c5Bau","robots":{"index":"index","follow":"follow","max-snippet":"max-snippet:-1","max-image-preview":"max-image-preview:large","max-video-preview":"max-video-preview:-1"},"canonical":"https:\/\/kuechen-baeder.fust.ch\/it\/bagni\/buoni\/","og_locale":"it_IT","og_type":"article","og_title":"Buoni - Bagno - Fust K\u00fcche\u22c5Bad\u22c5Bau","og_description":"[vc_row full_width=&#8221;stretch_row_content&#8221; equal_height=&#8221;yes&#8221; bg_type=&#8221;image&#8221; parallax_style=&#8221;vcpb-default&#8221; bg_image_new=&#8221;id^3879|url^https:\/\/kuechen-baeder.fust.ch\/wp-content\/uploads\/2019\/04\/Klassische-K\u00fcche-SOLID-C-VALAIS.jpg|caption^null|alt^null|title^Klassische-K\u00fcche-SOLID-C-VALAIS|description^null&#8221; bg_image_repeat=&#8221;no-repeat&#8221; css=&#8221;.vc_custom_1716807498877{background-position: center !important;background-repeat: no-repeat !important;background-size: cover !important;}&#8221; el_class=&#8221;back_m form_area&#8221;][vc_column css=&#8221;.vc_custom_1698846820852{background-color: #f8f8f8 !important;}&#8221;][vc_single_image image=&#8221;38053&#8243; img_size=&#8221;1140&#215;500&#8243; alignment=&#8221;center&#8221; css=&#8221;&#8221;][vc_row_inner][vc_column_inner width=&#8221;1\/6&#8243;][\/vc_column_inner][vc_column_inner el_class=&#8221;cf_gt&#8221; width=&#8221;2\/3&#8243;][vc_custom_heading text=&#8221;Scarica subito il buono!**&#8221; font_container=&#8221;tag:h3|text_align:center&#8221; use_theme_fonts=&#8221;yes&#8221; css=&#8221;.vc_custom_1755768640879{margin-bottom: 30px !important;}&#8221;][\/vc_column_inner][vc_column_inner width=&#8221;1\/6&#8243;][\/vc_column_inner][\/vc_row_inner][\/vc_column][\/vc_row][vc_row full_width=&#8221;stretch_row_content&#8221; equal_height=&#8221;yes&#8221; bg_type=&#8221;image&#8221; parallax_style=&#8221;vcpb-default&#8221; bg_image_new=&#8221;id^3879|url^https:\/\/kuechen-baeder.fust.ch\/wp-content\/uploads\/2019\/04\/Klassische-K\u00fcche-SOLID-C-VALAIS.jpg|caption^null|alt^null|title^Klassische-K\u00fcche-SOLID-C-VALAIS|description^null&#8221; bg_image_repeat=&#8221;no-repeat&#8221; css=&#8221;.vc_custom_1716807498877{background-position: center !important;background-repeat: no-repeat !important;background-size: cover !important;}&#8221; el_class=&#8221;back_m form_area&#8221;][vc_column css=&#8221;.vc_custom_1698846820852{background-color: #f8f8f8 !important;}&#8221;][vc_row_inner][vc_column_inner width=&#8221;1\/6&#8243;][\/vc_column_inner][vc_column_inner [...]Leggi di pi\u00f9...","og_url":"https:\/\/kuechen-baeder.fust.ch\/it\/bagni\/buoni\/","og_site_name":"Fust K\u00fcche\u22c5Bad\u22c5Bau","article_modified_time":"2025-12-23T12:17:39+00:00","twitter_card":"summary_large_image","twitter_misc":{"Tempo di lettura stimato":"1 minuto"},"schema":{"@context":"https:\/\/schema.org","@graph":[{"@type":"WebPage","@id":"https:\/\/kuechen-baeder.fust.ch\/it\/bagni\/buoni\/","url":"https:\/\/kuechen-baeder.fust.ch\/it\/bagni\/buoni\/","name":"Buoni - Bagno - Fust K\u00fcche\u22c5Bad\u22c5Bau","isPartOf":{"@id":"https:\/\/kuechen-baeder.fust.ch\/#website"},"datePublished":"2023-12-22T13:03:14+00:00","dateModified":"2025-12-23T12:17:39+00:00","breadcrumb":{"@id":"https:\/\/kuechen-baeder.fust.ch\/it\/bagni\/buoni\/#breadcrumb"},"inLanguage":"it-IT","potentialAction":[{"@type":"ReadAction","target":["https:\/\/kuechen-baeder.fust.ch\/it\/bagni\/buoni\/"]}]},{"@type":"BreadcrumbList","@id":"https:\/\/kuechen-baeder.fust.ch\/it\/bagni\/buoni\/#breadcrumb","itemListElement":[{"@type":"ListItem","position":1,"name":"Home","item":"https:\/\/kuechen-baeder.fust.ch\/it\/"},{"@type":"ListItem","position":2,"name":"Badezimmer","item":"https:\/\/kuechen-baeder.fust.ch\/it\/bagni\/"},{"@type":"ListItem","position":3,"name":"Buoni &#8211; Bagno"}]},{"@type":"WebSite","@id":"https:\/\/kuechen-baeder.fust.ch\/#website","url":"https:\/\/kuechen-baeder.fust.ch\/","name":"Fust K\u00fcche\u22c5Bad\u22c5Bau","description":"Ihr Experte f\u00fcr K\u00fcche und Bad mit \u00fcber 40 Jahren Erfahrung und Studios schweizweit.","publisher":{"@id":"https:\/\/kuechen-baeder.fust.ch\/#organization"},"potentialAction":[{"@type":"SearchAction","target":{"@type":"EntryPoint","urlTemplate":"https:\/\/kuechen-baeder.fust.ch\/?s={search_term_string}"},"query-input":{"@type":"PropertyValueSpecification","valueRequired":true,"valueName":"search_term_string"}}],"inLanguage":"it-IT"},{"@type":"Organization","@id":"https:\/\/kuechen-baeder.fust.ch\/#organization","name":"Fust K\u00fcche\u22c5Bad\u22c5Bau","url":"https:\/\/kuechen-baeder.fust.ch\/","logo":{"@type":"ImageObject","inLanguage":"it-IT","@id":"https:\/\/kuechen-baeder.fust.ch\/#\/schema\/logo\/image\/","url":"https:\/\/kuechen-baeder.fust.ch\/wp-content\/uploads\/2025\/08\/cropped-Fust_KuechenBaeder-Fust_schwarz-orange_RGB-scaled-1.png","contentUrl":"https:\/\/kuechen-baeder.fust.ch\/wp-content\/uploads\/2025\/08\/cropped-Fust_KuechenBaeder-Fust_schwarz-orange_RGB-scaled-1.png","width":2560,"height":1520,"caption":"Fust K\u00fcche\u22c5Bad\u22c5Bau"},"image":{"@id":"https:\/\/kuechen-baeder.fust.ch\/#\/schema\/logo\/image\/"}}]}},"_links":{"self":[{"href":"https:\/\/kuechen-baeder.fust.ch\/it\/wp-json\/wp\/v2\/pages\/24088","targetHints":{"allow":["GET"]}}],"collection":[{"href":"https:\/\/kuechen-baeder.fust.ch\/it\/wp-json\/wp\/v2\/pages"}],"about":[{"href":"https:\/\/kuechen-baeder.fust.ch\/it\/wp-json\/wp\/v2\/types\/page"}],"author":[{"embeddable":true,"href":"https:\/\/kuechen-baeder.fust.ch\/it\/wp-json\/wp\/v2\/users\/3"}],"replies":[{"embeddable":true,"href":"https:\/\/kuechen-baeder.fust.ch\/it\/wp-json\/wp\/v2\/comments?post=24088"}],"version-history":[{"count":5,"href":"https:\/\/kuechen-baeder.fust.ch\/it\/wp-json\/wp\/v2\/pages\/24088\/revisions"}],"predecessor-version":[{"id":37990,"href":"https:\/\/kuechen-baeder.fust.ch\/it\/wp-json\/wp\/v2\/pages\/24088\/revisions\/37990"}],"up":[{"embeddable":true,"href":"https:\/\/kuechen-baeder.fust.ch\/it\/wp-json\/wp\/v2\/pages\/6266"}],"wp:attachment":[{"href":"https:\/\/kuechen-baeder.fust.ch\/it\/wp-json\/wp\/v2\/media?parent=24088"}],"curies":[{"name":"wp","href":"https:\/\/api.w.org\/{rel}","templated":true}]}}