{"id":4141,"date":"2019-12-10T17:50:15","date_gmt":"2019-12-10T15:50:15","guid":{"rendered":"https:\/\/kuechen-baeder.fust.ch\/?page_id=4141"},"modified":"2020-04-09T10:32:38","modified_gmt":"2020-04-09T08:32:38","slug":"pianificatore-3d-online","status":"publish","type":"page","link":"https:\/\/kuechen-baeder.fust.ch\/it\/cucine\/pianificatore-3d-online\/","title":{"rendered":"3D Online-K\u00fcchenplaner"},"content":{"rendered":"<div class=\"wpb-content-wrapper\"><p>[vc_row][vc_column][vc_column_text]<\/p>\n<h1 style=\"text-align: center;\"><span data-sheets-value=\"{&quot;1&quot;:2,&quot;2&quot;:&quot;Pianificatore 3D online&quot;}\" data-sheets-userformat=\"{&quot;2&quot;:9153,&quot;3&quot;:{&quot;1&quot;:0},&quot;9&quot;:0,&quot;10&quot;:0,&quot;11&quot;:4,&quot;12&quot;:0,&quot;16&quot;:10}\">Pianificatore di cucine 3D online<\/span><\/h1>\n<p>[\/vc_column_text][vc_single_image image=&#8221;2119&#8243; img_size=&#8221;full&#8221; alignment=&#8221;center&#8221;][vc_column_text el_class=&#8221;online_planner_content only_desktop&#8221;]<span data-sheets-value=\"{&quot;1&quot;:2,&quot;2&quot;:&quot;Con il pianificatore 3D gratuito, pu\u00f2 visualizzare in modo facile e veloce la cucina dei suoi sogni: creare una stanza, posizionare porte e finestre e inserire i mobili come pi\u00f9 preferisce. Gi\u00e0 durante la fase di progettazione avr\u00e0 una visione realistica della stanza. \u00c8 sulla strada giusta per creare la cucina dei suoi sogni.&quot;}\" data-sheets-userformat=\"{&quot;2&quot;:9153,&quot;3&quot;:{&quot;1&quot;:0},&quot;9&quot;:0,&quot;10&quot;:0,&quot;11&quot;:4,&quot;12&quot;:0,&quot;16&quot;:10}\">Con il pianificatore 3D gratuito, pu\u00f2 visualizzare in modo facile e veloce la cucina dei suoi sogni: creare una stanza, posizionare porte e finestre e inserire i mobili come pi\u00f9 preferisce. Gi\u00e0 durante la fase di progettazione avr\u00e0 una visione realistica della stanza. \u00c8 sulla strada giusta per creare la cucina dei suoi sogni.<\/span>[\/vc_column_text][vc_column_text el_class=&#8221;online_planner_content only_mobile&#8221;]<span data-sheets-value=\"{&quot;1&quot;:2,&quot;2&quot;:&quot;Con il pianificatore 3D gratuito, pu\u00f2 visualizzare in modo facile e veloce la cucina dei suoi sogni: creare una stanza, posizionare porte e finestre e inserire i mobili come pi\u00f9 preferisce. Gi\u00e0 durante la fase di progettazione avr\u00e0 una visione realistica della stanza. \u00c8 sulla strada giusta per creare la cucina dei suoi sogni.&quot;}\" data-sheets-userformat=\"{&quot;2&quot;:9153,&quot;3&quot;:{&quot;1&quot;:0},&quot;9&quot;:0,&quot;10&quot;:0,&quot;11&quot;:4,&quot;12&quot;:0,&quot;16&quot;:10}\">Con il pianificatore 3D gratuito, pu\u00f2 visualizzare in modo facile e veloce la cucina dei suoi sogni: creare una stanza, posizionare porte e finestre e inserire i mobili come pi\u00f9 preferisce.<\/span>[\/vc_column_text][vc_btn title=&#8221;AVVIARE PIANIFICATORE 3D ONLINE&#8221; color=&#8221;white&#8221; align=&#8221;center&#8221; link=&#8221;url:https%3A%2F%2Fkuechenplaner.fust.ch%2F%3Fl%3Dit||target:%20_blank|&#8221; el_class=&#8221;top-link-btn btn1&#8243; css=&#8221;.vc_custom_1575992988566{margin-top: 0px !important;}&#8221;][\/vc_column][\/vc_row]<\/p>\n<\/div>","protected":false},"excerpt":{"rendered":"<p>[vc_row][vc_column][vc_column_text] Pianificatore di cucine 3D online [\/vc_column_text][vc_single_image image=&#8221;2119&#8243; img_size=&#8221;full&#8221; alignment=&#8221;center&#8221;][vc_column_text el_class=&#8221;online_planner_content only_desktop&#8221;]Con il pianificatore 3D gratuito, pu\u00f2 visualizzare in modo facile e veloce la cucina dei suoi sogni: creare una stanza, posizionare porte e finestre e inserire i mobili come pi\u00f9 preferisce. Gi\u00e0 durante la fase di progettazione avr\u00e0 una visione realistica della stanza. \u00c8 [&#8230;]<\/p>\n<p><a class=\"btn btn-secondary understrap-read-more-link\" href=\"https:\/\/kuechen-baeder.fust.ch\/it\/cucine\/pianificatore-3d-online\/\">Leggi di pi\u00f9&#8230;<\/a><\/p>\n","protected":false},"author":3,"featured_media":0,"parent":4120,"menu_order":0,"comment_status":"closed","ping_status":"closed","template":"","meta":{"_acf_changed":false,"footnotes":""},"class_list":["post-4141","page","type-page","status-publish","hentry"],"acf":[],"yoast_head":"<!-- This site is optimized with the Yoast SEO plugin v27.5 - https:\/\/yoast.com\/product\/yoast-seo-wordpress\/ -->\n<title>Pianificatore 3D online Fust - Visualizzazione della cucina<\/title>\n<meta name=\"description\" content=\"Pianificatore di cucine: ottiene rapidamente una visione realistica della cucina dei suoi sogni. In modo facile e gratuito.\" \/>\n<meta name=\"robots\" content=\"index, follow, max-snippet:-1, max-image-preview:large, max-video-preview:-1\" \/>\n<link rel=\"canonical\" href=\"https:\/\/kuechen-baeder.fust.ch\/it\/cucine\/pianificatore-3d-online\/\" \/>\n<meta property=\"og:locale\" content=\"it_IT\" \/>\n<meta property=\"og:type\" content=\"article\" \/>\n<meta property=\"og:title\" content=\"Pianificatore 3D online Fust - Visualizzazione della cucina\" \/>\n<meta property=\"og:description\" content=\"Pianificatore di cucine: ottiene rapidamente una visione realistica della cucina dei suoi sogni. In modo facile e gratuito.\" \/>\n<meta property=\"og:url\" content=\"https:\/\/kuechen-baeder.fust.ch\/it\/cucine\/pianificatore-3d-online\/\" \/>\n<meta property=\"og:site_name\" content=\"Fust Cucine &amp; Bagni\" \/>\n<meta property=\"article:modified_time\" content=\"2020-04-09T08:32:38+00:00\" \/>\n<meta name=\"twitter:card\" content=\"summary_large_image\" \/>\n<meta name=\"twitter:label1\" content=\"Tempo di lettura stimato\" \/>\n\t<meta name=\"twitter:data1\" content=\"1 minuto\" \/>\n<script type=\"application\/ld+json\" class=\"yoast-schema-graph\">{\"@context\":\"https:\\\/\\\/schema.org\",\"@graph\":[{\"@type\":\"WebPage\",\"@id\":\"https:\\\/\\\/kuechen-baeder.fust.ch\\\/it\\\/cucine\\\/pianificatore-3d-online\\\/\",\"url\":\"https:\\\/\\\/kuechen-baeder.fust.ch\\\/it\\\/cucine\\\/pianificatore-3d-online\\\/\",\"name\":\"Pianificatore 3D online Fust - Visualizzazione della cucina\",\"isPartOf\":{\"@id\":\"https:\\\/\\\/kuechen-baeder.fust.ch\\\/fr\\\/#website\"},\"datePublished\":\"2019-12-10T15:50:15+00:00\",\"dateModified\":\"2020-04-09T08:32:38+00:00\",\"description\":\"Pianificatore di cucine: ottiene rapidamente una visione realistica della cucina dei suoi sogni. In modo facile e gratuito.\",\"breadcrumb\":{\"@id\":\"https:\\\/\\\/kuechen-baeder.fust.ch\\\/it\\\/cucine\\\/pianificatore-3d-online\\\/#breadcrumb\"},\"inLanguage\":\"it-IT\",\"potentialAction\":[{\"@type\":\"ReadAction\",\"target\":[\"https:\\\/\\\/kuechen-baeder.fust.ch\\\/it\\\/cucine\\\/pianificatore-3d-online\\\/\"]}]},{\"@type\":\"BreadcrumbList\",\"@id\":\"https:\\\/\\\/kuechen-baeder.fust.ch\\\/it\\\/cucine\\\/pianificatore-3d-online\\\/#breadcrumb\",\"itemListElement\":[{\"@type\":\"ListItem\",\"position\":1,\"name\":\"Home\",\"item\":\"https:\\\/\\\/kuechen-baeder.fust.ch\\\/it\\\/\"},{\"@type\":\"ListItem\",\"position\":2,\"name\":\"K\u00fcchen\",\"item\":\"https:\\\/\\\/kuechen-baeder.fust.ch\\\/it\\\/cucine\\\/\"},{\"@type\":\"ListItem\",\"position\":3,\"name\":\"3D Online-K\u00fcchenplaner\"}]},{\"@type\":\"WebSite\",\"@id\":\"https:\\\/\\\/kuechen-baeder.fust.ch\\\/fr\\\/#website\",\"url\":\"https:\\\/\\\/kuechen-baeder.fust.ch\\\/fr\\\/\",\"name\":\"Fust K\u00fcchen & B\u00e4der\",\"description\":\"Il vostro esperto in cucine e bagni con oltre 45 anni di esperienza e studi in tutta la Svizzera.\",\"publisher\":{\"@id\":\"https:\\\/\\\/kuechen-baeder.fust.ch\\\/fr\\\/#organization\"},\"potentialAction\":[{\"@type\":\"SearchAction\",\"target\":{\"@type\":\"EntryPoint\",\"urlTemplate\":\"https:\\\/\\\/kuechen-baeder.fust.ch\\\/fr\\\/?s={search_term_string}\"},\"query-input\":{\"@type\":\"PropertyValueSpecification\",\"valueRequired\":true,\"valueName\":\"search_term_string\"}}],\"inLanguage\":\"it-IT\"},{\"@type\":\"Organization\",\"@id\":\"https:\\\/\\\/kuechen-baeder.fust.ch\\\/fr\\\/#organization\",\"name\":\"Fust K\u00fcchen & B\u00e4der\",\"url\":\"https:\\\/\\\/kuechen-baeder.fust.ch\\\/fr\\\/\",\"logo\":{\"@type\":\"ImageObject\",\"inLanguage\":\"it-IT\",\"@id\":\"https:\\\/\\\/kuechen-baeder.fust.ch\\\/fr\\\/#\\\/schema\\\/logo\\\/image\\\/\",\"url\":\"https:\\\/\\\/kuechen-baeder.fust.ch\\\/wp-content\\\/uploads\\\/2025\\\/08\\\/cropped-Fust_KuechenBaeder-Fust_schwarz-orange_RGB-scaled-2.png\",\"contentUrl\":\"https:\\\/\\\/kuechen-baeder.fust.ch\\\/wp-content\\\/uploads\\\/2025\\\/08\\\/cropped-Fust_KuechenBaeder-Fust_schwarz-orange_RGB-scaled-2.png\",\"width\":2559,\"height\":1521,\"caption\":\"Fust K\u00fcchen & B\u00e4der\"},\"image\":{\"@id\":\"https:\\\/\\\/kuechen-baeder.fust.ch\\\/fr\\\/#\\\/schema\\\/logo\\\/image\\\/\"}}]}<\/script>\n<!-- \/ Yoast SEO plugin. -->","yoast_head_json":{"title":"Pianificatore 3D online Fust - Visualizzazione della cucina","description":"Pianificatore di cucine: ottiene rapidamente una visione realistica della cucina dei suoi sogni. In modo facile e gratuito.","robots":{"index":"index","follow":"follow","max-snippet":"max-snippet:-1","max-image-preview":"max-image-preview:large","max-video-preview":"max-video-preview:-1"},"canonical":"https:\/\/kuechen-baeder.fust.ch\/it\/cucine\/pianificatore-3d-online\/","og_locale":"it_IT","og_type":"article","og_title":"Pianificatore 3D online Fust - Visualizzazione della cucina","og_description":"Pianificatore di cucine: ottiene rapidamente una visione realistica della cucina dei suoi sogni. In modo facile e gratuito.","og_url":"https:\/\/kuechen-baeder.fust.ch\/it\/cucine\/pianificatore-3d-online\/","og_site_name":"Fust Cucine &amp; Bagni","article_modified_time":"2020-04-09T08:32:38+00:00","twitter_card":"summary_large_image","twitter_misc":{"Tempo di lettura stimato":"1 minuto"},"schema":{"@context":"https:\/\/schema.org","@graph":[{"@type":"WebPage","@id":"https:\/\/kuechen-baeder.fust.ch\/it\/cucine\/pianificatore-3d-online\/","url":"https:\/\/kuechen-baeder.fust.ch\/it\/cucine\/pianificatore-3d-online\/","name":"Pianificatore 3D online Fust - Visualizzazione della cucina","isPartOf":{"@id":"https:\/\/kuechen-baeder.fust.ch\/fr\/#website"},"datePublished":"2019-12-10T15:50:15+00:00","dateModified":"2020-04-09T08:32:38+00:00","description":"Pianificatore di cucine: ottiene rapidamente una visione realistica della cucina dei suoi sogni. In modo facile e gratuito.","breadcrumb":{"@id":"https:\/\/kuechen-baeder.fust.ch\/it\/cucine\/pianificatore-3d-online\/#breadcrumb"},"inLanguage":"it-IT","potentialAction":[{"@type":"ReadAction","target":["https:\/\/kuechen-baeder.fust.ch\/it\/cucine\/pianificatore-3d-online\/"]}]},{"@type":"BreadcrumbList","@id":"https:\/\/kuechen-baeder.fust.ch\/it\/cucine\/pianificatore-3d-online\/#breadcrumb","itemListElement":[{"@type":"ListItem","position":1,"name":"Home","item":"https:\/\/kuechen-baeder.fust.ch\/it\/"},{"@type":"ListItem","position":2,"name":"K\u00fcchen","item":"https:\/\/kuechen-baeder.fust.ch\/it\/cucine\/"},{"@type":"ListItem","position":3,"name":"3D Online-K\u00fcchenplaner"}]},{"@type":"WebSite","@id":"https:\/\/kuechen-baeder.fust.ch\/fr\/#website","url":"https:\/\/kuechen-baeder.fust.ch\/fr\/","name":"Fust K\u00fcchen & B\u00e4der","description":"Il vostro esperto in cucine e bagni con oltre 45 anni di esperienza e studi in tutta la Svizzera.","publisher":{"@id":"https:\/\/kuechen-baeder.fust.ch\/fr\/#organization"},"potentialAction":[{"@type":"SearchAction","target":{"@type":"EntryPoint","urlTemplate":"https:\/\/kuechen-baeder.fust.ch\/fr\/?s={search_term_string}"},"query-input":{"@type":"PropertyValueSpecification","valueRequired":true,"valueName":"search_term_string"}}],"inLanguage":"it-IT"},{"@type":"Organization","@id":"https:\/\/kuechen-baeder.fust.ch\/fr\/#organization","name":"Fust K\u00fcchen & B\u00e4der","url":"https:\/\/kuechen-baeder.fust.ch\/fr\/","logo":{"@type":"ImageObject","inLanguage":"it-IT","@id":"https:\/\/kuechen-baeder.fust.ch\/fr\/#\/schema\/logo\/image\/","url":"https:\/\/kuechen-baeder.fust.ch\/wp-content\/uploads\/2025\/08\/cropped-Fust_KuechenBaeder-Fust_schwarz-orange_RGB-scaled-2.png","contentUrl":"https:\/\/kuechen-baeder.fust.ch\/wp-content\/uploads\/2025\/08\/cropped-Fust_KuechenBaeder-Fust_schwarz-orange_RGB-scaled-2.png","width":2559,"height":1521,"caption":"Fust K\u00fcchen & B\u00e4der"},"image":{"@id":"https:\/\/kuechen-baeder.fust.ch\/fr\/#\/schema\/logo\/image\/"}}]}},"_links":{"self":[{"href":"https:\/\/kuechen-baeder.fust.ch\/it\/wp-json\/wp\/v2\/pages\/4141","targetHints":{"allow":["GET"]}}],"collection":[{"href":"https:\/\/kuechen-baeder.fust.ch\/it\/wp-json\/wp\/v2\/pages"}],"about":[{"href":"https:\/\/kuechen-baeder.fust.ch\/it\/wp-json\/wp\/v2\/types\/page"}],"author":[{"embeddable":true,"href":"https:\/\/kuechen-baeder.fust.ch\/it\/wp-json\/wp\/v2\/users\/3"}],"replies":[{"embeddable":true,"href":"https:\/\/kuechen-baeder.fust.ch\/it\/wp-json\/wp\/v2\/comments?post=4141"}],"version-history":[{"count":0,"href":"https:\/\/kuechen-baeder.fust.ch\/it\/wp-json\/wp\/v2\/pages\/4141\/revisions"}],"up":[{"embeddable":true,"href":"https:\/\/kuechen-baeder.fust.ch\/it\/wp-json\/wp\/v2\/pages\/4120"}],"wp:attachment":[{"href":"https:\/\/kuechen-baeder.fust.ch\/it\/wp-json\/wp\/v2\/media?parent=4141"}],"curies":[{"name":"wp","href":"https:\/\/api.w.org\/{rel}","templated":true}]}}